{"id":23,"date":"2012-11-30T10:28:29","date_gmt":"2012-11-30T10:28:29","guid":{"rendered":"http:\/\/10.1.0.26\/wordpress\/?page_id=23"},"modified":"2020-04-01T16:08:09","modified_gmt":"2020-04-01T19:08:09","slug":"gestao-publica-pregao-eletronico","status":"publish","type":"page","link":"https:\/\/linkdata.com.br\/?page_id=23","title":{"rendered":"Preg\u00e3o Eletr\u00f4nico"},"content":{"rendered":"<h1>ASI &#8211; Solu\u00e7\u00e3o em Gest\u00e3o de Preg\u00e3o Eletr\u00f4nico<\/h1>\n<p><b>Gest\u00e3o de Preg\u00e3o Eletr\u00f4nico<\/b> permitir, em conformidade com a legisla\u00e7\u00e3o p\u00fablica vigente, a gest\u00e3o e o controle dos procedimentos de aquisi\u00e7\u00e3o e contrata\u00e7\u00e3o de bens e de servi\u00e7os, atrav\u00e9s desta modalidade.<\/p>\n<p>Contempla o fornecimento de licen\u00e7a de uso definitiva, para um n\u00famero ilimitado de usu\u00e1rios do sistema integrado de Gest\u00e3o.<\/p>\n<p><strong>BENEF\u00cdCIOS: <\/strong><\/p>\n<p>\u2022 Solu\u00e7\u00e3o integrada de Gest\u00e3o do Preg\u00e3o Eletr\u00f4nico (aquisi\u00e7\u00f5es e contrata\u00e7\u00f5es), aderente ao Modelo de Excel\u00eancia em Gest\u00e3o P\u00fablica;<br \/>\n\u2022 Implanta\u00e7\u00e3o e integra\u00e7\u00e3o com sistemas legados, sem preju\u00edzo \u00e0s atividades internas;<br \/>\n\u2022 Modelo de gest\u00e3o por processos>;<br \/>\n\u2022 Indicadores de desempenho;<br \/>\n\u2022 Painel de controle gerencial (painel de bordo)>;<br \/>\n\u2022 Redu\u00e7\u00e3o significativa dos custos operacionais;<br \/>\n\u2022 Flexibilidade e acessibilidade via web;<br \/>\n\u2022 Normatiza\u00e7\u00e3o e padroniza\u00e7\u00e3o;<br \/>\n\u2022 Diversidade de relat\u00f3rios gerenciais, dentre outros>.<\/p>\n<p>&nbsp;<\/p>\n<p><img loading=\"lazy\" decoding=\"async\" class=\"alignnone size-full wp-image-485\" title=\"Fluxo Preg\u00e3o\" src=\"https:\/\/linkdata.com.br\/wp-content\/uploads\/fluxoPregao.png\" alt=\"Fluxo em Gest\u00e3o de Preg\u00e3o Eletr\u00f4nico\" width=\"592\" height=\"478\" srcset=\"https:\/\/linkdata.com.br\/wp-content\/uploads\/fluxoPregao.png 592w, https:\/\/linkdata.com.br\/wp-content\/uploads\/fluxoPregao-300x242.png 300w, https:\/\/linkdata.com.br\/wp-content\/uploads\/fluxoPregao-359x290.png 359w\" sizes=\"(max-width: 592px) 100vw, 592px\" \/><\/p>\n<p>&nbsp;<\/p>\n<p><a href=\"https:\/\/linkdata.com.br\/?page_id=23\">Topo\u00a0\u00a0 <img loading=\"lazy\" decoding=\"async\" class=\"alignnone size-full wp-image-318\" title=\"topo\" src=\"https:\/\/linkdata.com.br\/wp-content\/uploads\/2012\/11\/topo.png\" alt=\"Retornar ao topo\" width=\"16\" height=\"16\" \/><\/a><\/p>\n","protected":false},"excerpt":{"rendered":"<p>ASI &#8211; Solu\u00e7\u00e3o em Gest\u00e3o de Preg\u00e3o Eletr\u00f4nico Gest\u00e3o de Preg\u00e3o Eletr\u00f4nico permitir, em conformidade com a legisla\u00e7\u00e3o p\u00fablica vigente, a gest\u00e3o e o controle dos procedimentos de aquisi\u00e7\u00e3o e contrata\u00e7\u00e3o de bens e de servi\u00e7os, atrav\u00e9s desta modalidade. Contempla o fornecimento de licen\u00e7a de uso definitiva, para um n\u00famero [&hellip;]<\/p>\n","protected":false},"author":2,"featured_media":0,"parent":18,"menu_order":0,"comment_status":"closed","ping_status":"closed","template":"","meta":{"footnotes":""},"yoast_head":"<!-- This site is optimized with the Yoast SEO plugin v23.0 - https:\/\/yoast.com\/wordpress\/plugins\/seo\/ -->\n<title>Preg\u00e3o Eletr\u00f4nico | Link Data - Solu\u00e7\u00f5es em Gest\u00e3o P\u00fablica<\/title>\n<meta name=\"description\" content=\"ASI - Solu\u00e7\u00e3o em Gest\u00e3o de Preg\u00e3o Eletr\u00f4nico permitir o controle dos procedimentos de aquisi\u00e7\u00e3o e contrata\u00e7\u00e3o de bens e de servi\u00e7os, atrav\u00e9s da modalidade de Preg\u00e3o Eletr\u00f4nico.\" \/>\n<meta name=\"robots\" content=\"index, follow, max-snippet:-1, max-image-preview:large, max-video-preview:-1\" \/>\n<link rel=\"canonical\" href=\"https:\/\/linkdata.com.br\/?page_id=23\" \/>\n<meta property=\"og:locale\" content=\"pt_BR\" \/>\n<meta property=\"og:type\" content=\"article\" \/>\n<meta property=\"og:title\" content=\"Preg\u00e3o Eletr\u00f4nico | Link Data - Solu\u00e7\u00f5es em Gest\u00e3o P\u00fablica\" \/>\n<meta property=\"og:description\" content=\"ASI - Solu\u00e7\u00e3o em Gest\u00e3o de Preg\u00e3o Eletr\u00f4nico permitir o controle dos procedimentos de aquisi\u00e7\u00e3o e contrata\u00e7\u00e3o de bens e de servi\u00e7os, atrav\u00e9s da modalidade de Preg\u00e3o Eletr\u00f4nico.\" \/>\n<meta property=\"og:url\" content=\"https:\/\/linkdata.com.br\/?page_id=23\" \/>\n<meta property=\"og:site_name\" content=\"Link Data - Solu\u00e7\u00f5es em Gest\u00e3o P\u00fablica\" \/>\n<meta property=\"article:modified_time\" content=\"2020-04-01T19:08:09+00:00\" \/>\n<meta property=\"og:image\" content=\"https:\/\/linkdata.com.br\/wp-content\/uploads\/fluxoPregao.png\" \/>\n<meta name=\"twitter:card\" content=\"summary_large_image\" \/>\n<meta name=\"twitter:label1\" content=\"Est. tempo de leitura\" \/>\n\t<meta name=\"twitter:data1\" content=\"1 minuto\" \/>\n<script type=\"application\/ld+json\" class=\"yoast-schema-graph\">{\"@context\":\"https:\/\/schema.org\",\"@graph\":[{\"@type\":\"WebPage\",\"@id\":\"https:\/\/linkdata.com.br\/?page_id=23\",\"url\":\"https:\/\/linkdata.com.br\/?page_id=23\",\"name\":\"Preg\u00e3o Eletr\u00f4nico | Link Data - Solu\u00e7\u00f5es em Gest\u00e3o P\u00fablica\",\"isPartOf\":{\"@id\":\"https:\/\/linkdata.com.br\/#website\"},\"primaryImageOfPage\":{\"@id\":\"https:\/\/linkdata.com.br\/?page_id=23#primaryimage\"},\"image\":{\"@id\":\"https:\/\/linkdata.com.br\/?page_id=23#primaryimage\"},\"thumbnailUrl\":\"https:\/\/linkdata.com.br\/wp-content\/uploads\/fluxoPregao.png\",\"datePublished\":\"2012-11-30T10:28:29+00:00\",\"dateModified\":\"2020-04-01T19:08:09+00:00\",\"description\":\"ASI - Solu\u00e7\u00e3o em Gest\u00e3o de Preg\u00e3o Eletr\u00f4nico permitir o controle dos procedimentos de aquisi\u00e7\u00e3o e contrata\u00e7\u00e3o de bens e de servi\u00e7os, atrav\u00e9s da modalidade de Preg\u00e3o Eletr\u00f4nico.\",\"breadcrumb\":{\"@id\":\"https:\/\/linkdata.com.br\/?page_id=23#breadcrumb\"},\"inLanguage\":\"pt-BR\",\"potentialAction\":[{\"@type\":\"ReadAction\",\"target\":[\"https:\/\/linkdata.com.br\/?page_id=23\"]}]},{\"@type\":\"ImageObject\",\"inLanguage\":\"pt-BR\",\"@id\":\"https:\/\/linkdata.com.br\/?page_id=23#primaryimage\",\"url\":\"https:\/\/linkdata.com.br\/wp-content\/uploads\/fluxoPregao.png\",\"contentUrl\":\"https:\/\/linkdata.com.br\/wp-content\/uploads\/fluxoPregao.png\",\"width\":\"592\",\"height\":\"478\"},{\"@type\":\"BreadcrumbList\",\"@id\":\"https:\/\/linkdata.com.br\/?page_id=23#breadcrumb\",\"itemListElement\":[{\"@type\":\"ListItem\",\"position\":1,\"name\":\"In\u00edcio\",\"item\":\"https:\/\/linkdata.com.br\/\"},{\"@type\":\"ListItem\",\"position\":2,\"name\":\"Solu\u00e7\u00e3o ASI\",\"item\":\"https:\/\/linkdata.com.br\/?page_id=18\"},{\"@type\":\"ListItem\",\"position\":3,\"name\":\"Preg\u00e3o Eletr\u00f4nico\"}]},{\"@type\":\"WebSite\",\"@id\":\"https:\/\/linkdata.com.br\/#website\",\"url\":\"https:\/\/linkdata.com.br\/\",\"name\":\"Link Data - Solu\u00e7\u00f5es em Gest\u00e3o P\u00fablica\",\"description\":\"Solu\u00e7\u00f5es Tecnol\u00f3gicas e Conhecimento em Gest\u00e3o P\u00fablica\",\"publisher\":{\"@id\":\"https:\/\/linkdata.com.br\/#organization\"},\"potentialAction\":[{\"@type\":\"SearchAction\",\"target\":{\"@type\":\"EntryPoint\",\"urlTemplate\":\"https:\/\/linkdata.com.br\/?s={search_term_string}\"},\"query-input\":\"required name=search_term_string\"}],\"inLanguage\":\"pt-BR\"},{\"@type\":\"Organization\",\"@id\":\"https:\/\/linkdata.com.br\/#organization\",\"name\":\"Link Data S\/A - Solu\u00e7\u00f5es em Gest\u00e3o P\u00fablica\",\"url\":\"https:\/\/linkdata.com.br\/\",\"logo\":{\"@type\":\"ImageObject\",\"inLanguage\":\"pt-BR\",\"@id\":\"https:\/\/linkdata.com.br\/#\/schema\/logo\/image\/\",\"url\":\"https:\/\/linkdata.com.br\/wp-content\/uploads\/img_27anos.png\",\"contentUrl\":\"https:\/\/linkdata.com.br\/wp-content\/uploads\/img_27anos.png\",\"width\":180,\"height\":64,\"caption\":\"Link Data S\/A - Solu\u00e7\u00f5es em Gest\u00e3o P\u00fablica\"},\"image\":{\"@id\":\"https:\/\/linkdata.com.br\/#\/schema\/logo\/image\/\"}}]}<\/script>\n<!-- \/ Yoast SEO plugin. -->","yoast_head_json":{"title":"Preg\u00e3o Eletr\u00f4nico | Link Data - Solu\u00e7\u00f5es em Gest\u00e3o P\u00fablica","description":"ASI - Solu\u00e7\u00e3o em Gest\u00e3o de Preg\u00e3o Eletr\u00f4nico permitir o controle dos procedimentos de aquisi\u00e7\u00e3o e contrata\u00e7\u00e3o de bens e de servi\u00e7os, atrav\u00e9s da modalidade de Preg\u00e3o Eletr\u00f4nico.","robots":{"index":"index","follow":"follow","max-snippet":"max-snippet:-1","max-image-preview":"max-image-preview:large","max-video-preview":"max-video-preview:-1"},"canonical":"https:\/\/linkdata.com.br\/?page_id=23","og_locale":"pt_BR","og_type":"article","og_title":"Preg\u00e3o Eletr\u00f4nico | Link Data - Solu\u00e7\u00f5es em Gest\u00e3o P\u00fablica","og_description":"ASI - Solu\u00e7\u00e3o em Gest\u00e3o de Preg\u00e3o Eletr\u00f4nico permitir o controle dos procedimentos de aquisi\u00e7\u00e3o e contrata\u00e7\u00e3o de bens e de servi\u00e7os, atrav\u00e9s da modalidade de Preg\u00e3o Eletr\u00f4nico.","og_url":"https:\/\/linkdata.com.br\/?page_id=23","og_site_name":"Link Data - Solu\u00e7\u00f5es em Gest\u00e3o P\u00fablica","article_modified_time":"2020-04-01T19:08:09+00:00","og_image":[{"url":"https:\/\/linkdata.com.br\/wp-content\/uploads\/fluxoPregao.png"}],"twitter_card":"summary_large_image","twitter_misc":{"Est. tempo de leitura":"1 minuto"},"schema":{"@context":"https:\/\/schema.org","@graph":[{"@type":"WebPage","@id":"https:\/\/linkdata.com.br\/?page_id=23","url":"https:\/\/linkdata.com.br\/?page_id=23","name":"Preg\u00e3o Eletr\u00f4nico | Link Data - Solu\u00e7\u00f5es em Gest\u00e3o P\u00fablica","isPartOf":{"@id":"https:\/\/linkdata.com.br\/#website"},"primaryImageOfPage":{"@id":"https:\/\/linkdata.com.br\/?page_id=23#primaryimage"},"image":{"@id":"https:\/\/linkdata.com.br\/?page_id=23#primaryimage"},"thumbnailUrl":"https:\/\/linkdata.com.br\/wp-content\/uploads\/fluxoPregao.png","datePublished":"2012-11-30T10:28:29+00:00","dateModified":"2020-04-01T19:08:09+00:00","description":"ASI - Solu\u00e7\u00e3o em Gest\u00e3o de Preg\u00e3o Eletr\u00f4nico permitir o controle dos procedimentos de aquisi\u00e7\u00e3o e contrata\u00e7\u00e3o de bens e de servi\u00e7os, atrav\u00e9s da modalidade de Preg\u00e3o Eletr\u00f4nico.","breadcrumb":{"@id":"https:\/\/linkdata.com.br\/?page_id=23#breadcrumb"},"inLanguage":"pt-BR","potentialAction":[{"@type":"ReadAction","target":["https:\/\/linkdata.com.br\/?page_id=23"]}]},{"@type":"ImageObject","inLanguage":"pt-BR","@id":"https:\/\/linkdata.com.br\/?page_id=23#primaryimage","url":"https:\/\/linkdata.com.br\/wp-content\/uploads\/fluxoPregao.png","contentUrl":"https:\/\/linkdata.com.br\/wp-content\/uploads\/fluxoPregao.png","width":"592","height":"478"},{"@type":"BreadcrumbList","@id":"https:\/\/linkdata.com.br\/?page_id=23#breadcrumb","itemListElement":[{"@type":"ListItem","position":1,"name":"In\u00edcio","item":"https:\/\/linkdata.com.br\/"},{"@type":"ListItem","position":2,"name":"Solu\u00e7\u00e3o ASI","item":"https:\/\/linkdata.com.br\/?page_id=18"},{"@type":"ListItem","position":3,"name":"Preg\u00e3o Eletr\u00f4nico"}]},{"@type":"WebSite","@id":"https:\/\/linkdata.com.br\/#website","url":"https:\/\/linkdata.com.br\/","name":"Link Data - Solu\u00e7\u00f5es em Gest\u00e3o P\u00fablica","description":"Solu\u00e7\u00f5es Tecnol\u00f3gicas e Conhecimento em Gest\u00e3o P\u00fablica","publisher":{"@id":"https:\/\/linkdata.com.br\/#organization"},"potentialAction":[{"@type":"SearchAction","target":{"@type":"EntryPoint","urlTemplate":"https:\/\/linkdata.com.br\/?s={search_term_string}"},"query-input":"required name=search_term_string"}],"inLanguage":"pt-BR"},{"@type":"Organization","@id":"https:\/\/linkdata.com.br\/#organization","name":"Link Data S\/A - Solu\u00e7\u00f5es em Gest\u00e3o P\u00fablica","url":"https:\/\/linkdata.com.br\/","logo":{"@type":"ImageObject","inLanguage":"pt-BR","@id":"https:\/\/linkdata.com.br\/#\/schema\/logo\/image\/","url":"https:\/\/linkdata.com.br\/wp-content\/uploads\/img_27anos.png","contentUrl":"https:\/\/linkdata.com.br\/wp-content\/uploads\/img_27anos.png","width":180,"height":64,"caption":"Link Data S\/A - Solu\u00e7\u00f5es em Gest\u00e3o P\u00fablica"},"image":{"@id":"https:\/\/linkdata.com.br\/#\/schema\/logo\/image\/"}}]}},"_links":{"self":[{"href":"https:\/\/linkdata.com.br\/index.php?rest_route=\/wp\/v2\/pages\/23"}],"collection":[{"href":"https:\/\/linkdata.com.br\/index.php?rest_route=\/wp\/v2\/pages"}],"about":[{"href":"https:\/\/linkdata.com.br\/index.php?rest_route=\/wp\/v2\/types\/page"}],"author":[{"embeddable":true,"href":"https:\/\/linkdata.com.br\/index.php?rest_route=\/wp\/v2\/users\/2"}],"replies":[{"embeddable":true,"href":"https:\/\/linkdata.com.br\/index.php?rest_route=%2Fwp%2Fv2%2Fcomments&post=23"}],"version-history":[{"count":23,"href":"https:\/\/linkdata.com.br\/index.php?rest_route=\/wp\/v2\/pages\/23\/revisions"}],"predecessor-version":[{"id":1025,"href":"https:\/\/linkdata.com.br\/index.php?rest_route=\/wp\/v2\/pages\/23\/revisions\/1025"}],"up":[{"embeddable":true,"href":"https:\/\/linkdata.com.br\/index.php?rest_route=\/wp\/v2\/pages\/18"}],"wp:attachment":[{"href":"https:\/\/linkdata.com.br\/index.php?rest_route=%2Fwp%2Fv2%2Fmedia&parent=23"}],"curies":[{"name":"wp","href":"https:\/\/api.w.org\/{rel}","templated":true}]}}