{"id":233,"date":"2013-01-04T11:46:50","date_gmt":"2013-01-04T11:46:50","guid":{"rendered":"http:\/\/10.1.0.26\/wordpress\/?page_id=233"},"modified":"2020-04-01T16:06:06","modified_gmt":"2020-04-01T19:06:06","slug":"maranhao","status":"publish","type":"page","link":"https:\/\/linkdata.com.br\/?page_id=233","title":{"rendered":"Maranh\u00e3o"},"content":{"rendered":"<ul>\n<li>ANATEL &#8211; Ag\u00eancia Nacional de Telecomunica\u00e7\u00f5es<\/li>\n<li>AGU &#8211; Advocacia Geral da Uni\u00e3o<\/li>\n<li>DPRF &#8211; Departamento de Pol\u00edcia Rodovi\u00e1ria Federal<\/li>\n<li>FUNASA &#8211; Funda\u00e7\u00e3o Nacional de Sa\u00fade<\/li>\n<li>INCRA &#8211; Instituto Nacional de Coloniza\u00e7\u00e3o e Reforma Agr\u00e1ria<\/li>\n<li>MPF &#8211; Procuradoria Geral da Rep\u00fablica<\/li>\n<li>SFA &#8211; Superintend\u00eancia Federal de Agricultura<\/li>\n<li>TRE &#8211; Tribunal Regional Eleitoral<\/li>\n<\/ul>\n<p>&nbsp;<\/p>\n<p><a href=\"https:\/\/linkdata.com.br\/?page_id=16 \"><img loading=\"lazy\" decoding=\"async\" class=\"alignnone size-full wp-image-328\" title=\"retornar\" src=\"https:\/\/linkdata.com.br\/wp-content\/uploads\/2013\/01\/retornar.png\" alt=\"\" width=\"16\" height=\"16\" \/>\u00a0 Retornar<\/a><\/p>\n","protected":false},"excerpt":{"rendered":"<p>ANATEL &#8211; Ag\u00eancia Nacional de Telecomunica\u00e7\u00f5es AGU &#8211; Advocacia Geral da Uni\u00e3o DPRF &#8211; Departamento de Pol\u00edcia Rodovi\u00e1ria Federal FUNASA &#8211; Funda\u00e7\u00e3o Nacional de Sa\u00fade INCRA &#8211; Instituto Nacional de Coloniza\u00e7\u00e3o e Reforma Agr\u00e1ria MPF &#8211; Procuradoria Geral da Rep\u00fablica SFA &#8211; Superintend\u00eancia Federal de Agricultura TRE &#8211; Tribunal Regional [&hellip;]<\/p>\n","protected":false},"author":4,"featured_media":0,"parent":0,"menu_order":0,"comment_status":"closed","ping_status":"closed","template":"","meta":{"footnotes":""},"yoast_head":"<!-- This site is optimized with the Yoast SEO plugin v23.0 - https:\/\/yoast.com\/wordpress\/plugins\/seo\/ -->\n<title>Maranh\u00e3o | Link Data - Solu\u00e7\u00f5es em Gest\u00e3o P\u00fablica<\/title>\n<meta name=\"robots\" content=\"index, follow, max-snippet:-1, max-image-preview:large, max-video-preview:-1\" \/>\n<link rel=\"canonical\" href=\"https:\/\/linkdata.com.br\/?page_id=233\" \/>\n<meta property=\"og:locale\" content=\"pt_BR\" \/>\n<meta property=\"og:type\" content=\"article\" \/>\n<meta property=\"og:title\" content=\"Maranh\u00e3o | Link Data - Solu\u00e7\u00f5es em Gest\u00e3o P\u00fablica\" \/>\n<meta property=\"og:description\" content=\"ANATEL &#8211; Ag\u00eancia Nacional de Telecomunica\u00e7\u00f5es AGU &#8211; Advocacia Geral da Uni\u00e3o DPRF &#8211; Departamento de Pol\u00edcia Rodovi\u00e1ria Federal FUNASA &#8211; Funda\u00e7\u00e3o Nacional de Sa\u00fade INCRA &#8211; Instituto Nacional de Coloniza\u00e7\u00e3o e Reforma Agr\u00e1ria MPF &#8211; Procuradoria Geral da Rep\u00fablica SFA &#8211; Superintend\u00eancia Federal de Agricultura TRE &#8211; Tribunal Regional [&hellip;]\" \/>\n<meta property=\"og:url\" content=\"https:\/\/linkdata.com.br\/?page_id=233\" \/>\n<meta property=\"og:site_name\" content=\"Link Data - Solu\u00e7\u00f5es em Gest\u00e3o P\u00fablica\" \/>\n<meta property=\"article:modified_time\" content=\"2020-04-01T19:06:06+00:00\" \/>\n<meta property=\"og:image\" content=\"https:\/\/linkdata.com.br\/wp-content\/uploads\/2013\/01\/retornar.png\" \/>\n<meta name=\"twitter:card\" content=\"summary_large_image\" \/>\n<script type=\"application\/ld+json\" class=\"yoast-schema-graph\">{\"@context\":\"https:\/\/schema.org\",\"@graph\":[{\"@type\":\"WebPage\",\"@id\":\"https:\/\/linkdata.com.br\/?page_id=233\",\"url\":\"https:\/\/linkdata.com.br\/?page_id=233\",\"name\":\"Maranh\u00e3o | Link Data - Solu\u00e7\u00f5es em Gest\u00e3o P\u00fablica\",\"isPartOf\":{\"@id\":\"https:\/\/linkdata.com.br\/#website\"},\"primaryImageOfPage\":{\"@id\":\"https:\/\/linkdata.com.br\/?page_id=233#primaryimage\"},\"image\":{\"@id\":\"https:\/\/linkdata.com.br\/?page_id=233#primaryimage\"},\"thumbnailUrl\":\"https:\/\/linkdata.com.br\/wp-content\/uploads\/2013\/01\/retornar.png\",\"datePublished\":\"2013-01-04T11:46:50+00:00\",\"dateModified\":\"2020-04-01T19:06:06+00:00\",\"breadcrumb\":{\"@id\":\"https:\/\/linkdata.com.br\/?page_id=233#breadcrumb\"},\"inLanguage\":\"pt-BR\",\"potentialAction\":[{\"@type\":\"ReadAction\",\"target\":[\"https:\/\/linkdata.com.br\/?page_id=233\"]}]},{\"@type\":\"ImageObject\",\"inLanguage\":\"pt-BR\",\"@id\":\"https:\/\/linkdata.com.br\/?page_id=233#primaryimage\",\"url\":\"https:\/\/linkdata.com.br\/wp-content\/uploads\/2013\/01\/retornar.png\",\"contentUrl\":\"https:\/\/linkdata.com.br\/wp-content\/uploads\/2013\/01\/retornar.png\",\"width\":\"16\",\"height\":\"16\"},{\"@type\":\"BreadcrumbList\",\"@id\":\"https:\/\/linkdata.com.br\/?page_id=233#breadcrumb\",\"itemListElement\":[{\"@type\":\"ListItem\",\"position\":1,\"name\":\"In\u00edcio\",\"item\":\"https:\/\/linkdata.com.br\/\"},{\"@type\":\"ListItem\",\"position\":2,\"name\":\"Maranh\u00e3o\"}]},{\"@type\":\"WebSite\",\"@id\":\"https:\/\/linkdata.com.br\/#website\",\"url\":\"https:\/\/linkdata.com.br\/\",\"name\":\"Link Data - Solu\u00e7\u00f5es em Gest\u00e3o P\u00fablica\",\"description\":\"Solu\u00e7\u00f5es Tecnol\u00f3gicas e Conhecimento em Gest\u00e3o P\u00fablica\",\"publisher\":{\"@id\":\"https:\/\/linkdata.com.br\/#organization\"},\"potentialAction\":[{\"@type\":\"SearchAction\",\"target\":{\"@type\":\"EntryPoint\",\"urlTemplate\":\"https:\/\/linkdata.com.br\/?s={search_term_string}\"},\"query-input\":\"required name=search_term_string\"}],\"inLanguage\":\"pt-BR\"},{\"@type\":\"Organization\",\"@id\":\"https:\/\/linkdata.com.br\/#organization\",\"name\":\"Link Data S\/A - Solu\u00e7\u00f5es em Gest\u00e3o P\u00fablica\",\"url\":\"https:\/\/linkdata.com.br\/\",\"logo\":{\"@type\":\"ImageObject\",\"inLanguage\":\"pt-BR\",\"@id\":\"https:\/\/linkdata.com.br\/#\/schema\/logo\/image\/\",\"url\":\"https:\/\/linkdata.com.br\/wp-content\/uploads\/img_27anos.png\",\"contentUrl\":\"https:\/\/linkdata.com.br\/wp-content\/uploads\/img_27anos.png\",\"width\":180,\"height\":64,\"caption\":\"Link Data S\/A - Solu\u00e7\u00f5es em Gest\u00e3o P\u00fablica\"},\"image\":{\"@id\":\"https:\/\/linkdata.com.br\/#\/schema\/logo\/image\/\"}}]}<\/script>\n<!-- \/ Yoast SEO plugin. -->","yoast_head_json":{"title":"Maranh\u00e3o | Link Data - Solu\u00e7\u00f5es em Gest\u00e3o P\u00fablica","robots":{"index":"index","follow":"follow","max-snippet":"max-snippet:-1","max-image-preview":"max-image-preview:large","max-video-preview":"max-video-preview:-1"},"canonical":"https:\/\/linkdata.com.br\/?page_id=233","og_locale":"pt_BR","og_type":"article","og_title":"Maranh\u00e3o | Link Data - Solu\u00e7\u00f5es em Gest\u00e3o P\u00fablica","og_description":"ANATEL &#8211; Ag\u00eancia Nacional de Telecomunica\u00e7\u00f5es AGU &#8211; Advocacia Geral da Uni\u00e3o DPRF &#8211; Departamento de Pol\u00edcia Rodovi\u00e1ria Federal FUNASA &#8211; Funda\u00e7\u00e3o Nacional de Sa\u00fade INCRA &#8211; Instituto Nacional de Coloniza\u00e7\u00e3o e Reforma Agr\u00e1ria MPF &#8211; Procuradoria Geral da Rep\u00fablica SFA &#8211; Superintend\u00eancia Federal de Agricultura TRE &#8211; Tribunal Regional [&hellip;]","og_url":"https:\/\/linkdata.com.br\/?page_id=233","og_site_name":"Link Data - Solu\u00e7\u00f5es em Gest\u00e3o P\u00fablica","article_modified_time":"2020-04-01T19:06:06+00:00","og_image":[{"url":"https:\/\/linkdata.com.br\/wp-content\/uploads\/2013\/01\/retornar.png"}],"twitter_card":"summary_large_image","schema":{"@context":"https:\/\/schema.org","@graph":[{"@type":"WebPage","@id":"https:\/\/linkdata.com.br\/?page_id=233","url":"https:\/\/linkdata.com.br\/?page_id=233","name":"Maranh\u00e3o | Link Data - Solu\u00e7\u00f5es em Gest\u00e3o P\u00fablica","isPartOf":{"@id":"https:\/\/linkdata.com.br\/#website"},"primaryImageOfPage":{"@id":"https:\/\/linkdata.com.br\/?page_id=233#primaryimage"},"image":{"@id":"https:\/\/linkdata.com.br\/?page_id=233#primaryimage"},"thumbnailUrl":"https:\/\/linkdata.com.br\/wp-content\/uploads\/2013\/01\/retornar.png","datePublished":"2013-01-04T11:46:50+00:00","dateModified":"2020-04-01T19:06:06+00:00","breadcrumb":{"@id":"https:\/\/linkdata.com.br\/?page_id=233#breadcrumb"},"inLanguage":"pt-BR","potentialAction":[{"@type":"ReadAction","target":["https:\/\/linkdata.com.br\/?page_id=233"]}]},{"@type":"ImageObject","inLanguage":"pt-BR","@id":"https:\/\/linkdata.com.br\/?page_id=233#primaryimage","url":"https:\/\/linkdata.com.br\/wp-content\/uploads\/2013\/01\/retornar.png","contentUrl":"https:\/\/linkdata.com.br\/wp-content\/uploads\/2013\/01\/retornar.png","width":"16","height":"16"},{"@type":"BreadcrumbList","@id":"https:\/\/linkdata.com.br\/?page_id=233#breadcrumb","itemListElement":[{"@type":"ListItem","position":1,"name":"In\u00edcio","item":"https:\/\/linkdata.com.br\/"},{"@type":"ListItem","position":2,"name":"Maranh\u00e3o"}]},{"@type":"WebSite","@id":"https:\/\/linkdata.com.br\/#website","url":"https:\/\/linkdata.com.br\/","name":"Link Data - Solu\u00e7\u00f5es em Gest\u00e3o P\u00fablica","description":"Solu\u00e7\u00f5es Tecnol\u00f3gicas e Conhecimento em Gest\u00e3o P\u00fablica","publisher":{"@id":"https:\/\/linkdata.com.br\/#organization"},"potentialAction":[{"@type":"SearchAction","target":{"@type":"EntryPoint","urlTemplate":"https:\/\/linkdata.com.br\/?s={search_term_string}"},"query-input":"required name=search_term_string"}],"inLanguage":"pt-BR"},{"@type":"Organization","@id":"https:\/\/linkdata.com.br\/#organization","name":"Link Data S\/A - Solu\u00e7\u00f5es em Gest\u00e3o P\u00fablica","url":"https:\/\/linkdata.com.br\/","logo":{"@type":"ImageObject","inLanguage":"pt-BR","@id":"https:\/\/linkdata.com.br\/#\/schema\/logo\/image\/","url":"https:\/\/linkdata.com.br\/wp-content\/uploads\/img_27anos.png","contentUrl":"https:\/\/linkdata.com.br\/wp-content\/uploads\/img_27anos.png","width":180,"height":64,"caption":"Link Data S\/A - Solu\u00e7\u00f5es em Gest\u00e3o P\u00fablica"},"image":{"@id":"https:\/\/linkdata.com.br\/#\/schema\/logo\/image\/"}}]}},"_links":{"self":[{"href":"https:\/\/linkdata.com.br\/index.php?rest_route=\/wp\/v2\/pages\/233"}],"collection":[{"href":"https:\/\/linkdata.com.br\/index.php?rest_route=\/wp\/v2\/pages"}],"about":[{"href":"https:\/\/linkdata.com.br\/index.php?rest_route=\/wp\/v2\/types\/page"}],"author":[{"embeddable":true,"href":"https:\/\/linkdata.com.br\/index.php?rest_route=\/wp\/v2\/users\/4"}],"replies":[{"embeddable":true,"href":"https:\/\/linkdata.com.br\/index.php?rest_route=%2Fwp%2Fv2%2Fcomments&post=233"}],"version-history":[{"count":7,"href":"https:\/\/linkdata.com.br\/index.php?rest_route=\/wp\/v2\/pages\/233\/revisions"}],"predecessor-version":[{"id":1019,"href":"https:\/\/linkdata.com.br\/index.php?rest_route=\/wp\/v2\/pages\/233\/revisions\/1019"}],"wp:attachment":[{"href":"https:\/\/linkdata.com.br\/index.php?rest_route=%2Fwp%2Fv2%2Fmedia&parent=233"}],"curies":[{"name":"wp","href":"https:\/\/api.w.org\/{rel}","templated":true}]}}