{"id":35,"date":"2012-11-30T10:30:27","date_gmt":"2012-11-30T10:30:27","guid":{"rendered":"http:\/\/10.1.0.26\/wordpress\/?page_id=35"},"modified":"2020-04-01T16:08:32","modified_gmt":"2020-04-01T19:08:32","slug":"gestao-publica-patrimonio-imobiliario","status":"publish","type":"page","link":"https:\/\/linkdata.com.br\/?page_id=35","title":{"rendered":"Patrim\u00f4nio Imobili\u00e1rio"},"content":{"rendered":"<h1>ASI &#8211; Solu\u00e7\u00e3o em Gest\u00e3o de Patrim\u00f4nio Imobili\u00e1rio<\/h1>\n<p>Permite <b>registrar, gerenciar, manter e fiscalizar<\/b> os im\u00f3veis do qual o Estado \u00e9 titular de dom\u00ednio ou de ocupa\u00e7\u00e3o, acompanhando f\u00edsico, cont\u00e1bil e financeiramente benfeitorias realizadas.<\/p>\n<p>Contempla o fornecimento de licen\u00e7a de uso definitiva, para um n\u00famero ilimitado de usu\u00e1rios do sistema integrado de Gest\u00e3o de Patrim\u00f4nio Imobili\u00e1rio.<\/p>\n<p><strong>BENEF\u00cdCIOS:<\/strong><\/p>\n<p>\u2022 Solu\u00e7\u00e3o integrada de Gest\u00e3o de Patrim\u00f4nio Imobili\u00e1rio, aderente ao Modelo de Excel\u00eancia em Gest\u00e3o P\u00fablica;<br \/>\n\u2022 Implanta\u00e7\u00e3o e integra\u00e7\u00e3o com\u00a0 sistemas legados, sem preju\u00edzo \u00e0s atividades internas;<br \/>\n\u2022 Modelo de gest\u00e3o por processos;<br \/>\n\u2022 Indicadores de desempenho;<br \/>\n\u2022 Painel de controle gerencial (painel de bordo);<br \/>\n\u2022 Redu\u00e7\u00e3o significativa dos custos operacionais;<br \/>\n\u2022 Flexibilidade e acessibilidade via web;<br \/>\n\u2022 Normatiza\u00e7\u00e3o e padroniza\u00e7\u00e3o;<br \/>\n\u2022 Diversidade de relat\u00f3rios gerenciais, dentre outros.<\/p>\n<p>&nbsp;<\/p>\n<p><img loading=\"lazy\" decoding=\"async\" class=\"alignnone size-full wp-image-490\" title=\"Fluxo Imoveis\" src=\"https:\/\/linkdata.com.br\/wp-content\/uploads\/fluxoImoveis.png\" alt=\"Fluxo de Gest\u00e3o de Patrim\u00f4nio Imobili\u00e1rio\" width=\"592\" height=\"478\" srcset=\"https:\/\/linkdata.com.br\/wp-content\/uploads\/fluxoImoveis.png 592w, https:\/\/linkdata.com.br\/wp-content\/uploads\/fluxoImoveis-300x242.png 300w, https:\/\/linkdata.com.br\/wp-content\/uploads\/fluxoImoveis-359x290.png 359w\" sizes=\"(max-width: 592px) 100vw, 592px\" \/><\/p>\n<p>&nbsp;<\/p>\n<p><a href=\"https:\/\/linkdata.com.br\/?page_id=35\">Topo\u00a0\u00a0 <img loading=\"lazy\" decoding=\"async\" class=\"alignnone size-full wp-image-318\" title=\"topo\" src=\"https:\/\/linkdata.com.br\/wp-content\/uploads\/2012\/11\/topo.png\" alt=\"Retornar ao topo\" width=\"16\" height=\"16\" \/><\/a><\/p>\n","protected":false},"excerpt":{"rendered":"<p>ASI &#8211; Solu\u00e7\u00e3o em Gest\u00e3o de Patrim\u00f4nio Imobili\u00e1rio Permite registrar, gerenciar, manter e fiscalizar os im\u00f3veis do qual o Estado \u00e9 titular de dom\u00ednio ou de ocupa\u00e7\u00e3o, acompanhando f\u00edsico, cont\u00e1bil e financeiramente benfeitorias realizadas. Contempla o fornecimento de licen\u00e7a de uso definitiva, para um n\u00famero ilimitado de usu\u00e1rios do sistema [&hellip;]<\/p>\n","protected":false},"author":2,"featured_media":0,"parent":18,"menu_order":0,"comment_status":"closed","ping_status":"closed","template":"","meta":{"footnotes":""},"yoast_head":"<!-- This site is optimized with the Yoast SEO plugin v23.0 - https:\/\/yoast.com\/wordpress\/plugins\/seo\/ -->\n<title>Patrim\u00f4nio Imobili\u00e1rio | Link Data - Solu\u00e7\u00f5es em Gest\u00e3o P\u00fablica<\/title>\n<meta name=\"description\" content=\"ASI - Solu\u00e7\u00e3o em Gest\u00e3o de Patrim\u00f4nio Imobili\u00e1rio permite registrar, gerenciar, manter e fiscalizar os im\u00f3veis do qual o Estado \u00e9 titular de dom\u00ednio ou de ocupa\u00e7\u00e3o, acompanhando f\u00edsico, cont\u00e1bil e financeiramente benfeitorias realizadas.\" \/>\n<meta name=\"robots\" content=\"index, follow, max-snippet:-1, max-image-preview:large, max-video-preview:-1\" \/>\n<link rel=\"canonical\" href=\"https:\/\/linkdata.com.br\/?page_id=35\" \/>\n<meta property=\"og:locale\" content=\"pt_BR\" \/>\n<meta property=\"og:type\" content=\"article\" \/>\n<meta property=\"og:title\" content=\"Patrim\u00f4nio Imobili\u00e1rio | Link Data - Solu\u00e7\u00f5es em Gest\u00e3o P\u00fablica\" \/>\n<meta property=\"og:description\" content=\"ASI - Solu\u00e7\u00e3o em Gest\u00e3o de Patrim\u00f4nio Imobili\u00e1rio permite registrar, gerenciar, manter e fiscalizar os im\u00f3veis do qual o Estado \u00e9 titular de dom\u00ednio ou de ocupa\u00e7\u00e3o, acompanhando f\u00edsico, cont\u00e1bil e financeiramente benfeitorias realizadas.\" \/>\n<meta property=\"og:url\" content=\"https:\/\/linkdata.com.br\/?page_id=35\" \/>\n<meta property=\"og:site_name\" content=\"Link Data - Solu\u00e7\u00f5es em Gest\u00e3o P\u00fablica\" \/>\n<meta property=\"article:modified_time\" content=\"2020-04-01T19:08:32+00:00\" \/>\n<meta property=\"og:image\" content=\"https:\/\/linkdata.com.br\/wp-content\/uploads\/fluxoImoveis.png\" \/>\n<meta name=\"twitter:card\" content=\"summary_large_image\" \/>\n<meta name=\"twitter:label1\" content=\"Est. tempo de leitura\" \/>\n\t<meta name=\"twitter:data1\" content=\"1 minuto\" \/>\n<script type=\"application\/ld+json\" class=\"yoast-schema-graph\">{\"@context\":\"https:\/\/schema.org\",\"@graph\":[{\"@type\":\"WebPage\",\"@id\":\"https:\/\/linkdata.com.br\/?page_id=35\",\"url\":\"https:\/\/linkdata.com.br\/?page_id=35\",\"name\":\"Patrim\u00f4nio Imobili\u00e1rio | Link Data - Solu\u00e7\u00f5es em Gest\u00e3o P\u00fablica\",\"isPartOf\":{\"@id\":\"https:\/\/linkdata.com.br\/#website\"},\"primaryImageOfPage\":{\"@id\":\"https:\/\/linkdata.com.br\/?page_id=35#primaryimage\"},\"image\":{\"@id\":\"https:\/\/linkdata.com.br\/?page_id=35#primaryimage\"},\"thumbnailUrl\":\"https:\/\/linkdata.com.br\/wp-content\/uploads\/fluxoImoveis.png\",\"datePublished\":\"2012-11-30T10:30:27+00:00\",\"dateModified\":\"2020-04-01T19:08:32+00:00\",\"description\":\"ASI - Solu\u00e7\u00e3o em Gest\u00e3o de Patrim\u00f4nio Imobili\u00e1rio permite registrar, gerenciar, manter e fiscalizar os im\u00f3veis do qual o Estado \u00e9 titular de dom\u00ednio ou de ocupa\u00e7\u00e3o, acompanhando f\u00edsico, cont\u00e1bil e financeiramente benfeitorias realizadas.\",\"breadcrumb\":{\"@id\":\"https:\/\/linkdata.com.br\/?page_id=35#breadcrumb\"},\"inLanguage\":\"pt-BR\",\"potentialAction\":[{\"@type\":\"ReadAction\",\"target\":[\"https:\/\/linkdata.com.br\/?page_id=35\"]}]},{\"@type\":\"ImageObject\",\"inLanguage\":\"pt-BR\",\"@id\":\"https:\/\/linkdata.com.br\/?page_id=35#primaryimage\",\"url\":\"https:\/\/linkdata.com.br\/wp-content\/uploads\/fluxoImoveis.png\",\"contentUrl\":\"https:\/\/linkdata.com.br\/wp-content\/uploads\/fluxoImoveis.png\",\"width\":\"592\",\"height\":\"478\"},{\"@type\":\"BreadcrumbList\",\"@id\":\"https:\/\/linkdata.com.br\/?page_id=35#breadcrumb\",\"itemListElement\":[{\"@type\":\"ListItem\",\"position\":1,\"name\":\"In\u00edcio\",\"item\":\"https:\/\/linkdata.com.br\/\"},{\"@type\":\"ListItem\",\"position\":2,\"name\":\"Solu\u00e7\u00e3o ASI\",\"item\":\"https:\/\/linkdata.com.br\/?page_id=18\"},{\"@type\":\"ListItem\",\"position\":3,\"name\":\"Patrim\u00f4nio Imobili\u00e1rio\"}]},{\"@type\":\"WebSite\",\"@id\":\"https:\/\/linkdata.com.br\/#website\",\"url\":\"https:\/\/linkdata.com.br\/\",\"name\":\"Link Data - Solu\u00e7\u00f5es em Gest\u00e3o P\u00fablica\",\"description\":\"Solu\u00e7\u00f5es Tecnol\u00f3gicas e Conhecimento em Gest\u00e3o P\u00fablica\",\"publisher\":{\"@id\":\"https:\/\/linkdata.com.br\/#organization\"},\"potentialAction\":[{\"@type\":\"SearchAction\",\"target\":{\"@type\":\"EntryPoint\",\"urlTemplate\":\"https:\/\/linkdata.com.br\/?s={search_term_string}\"},\"query-input\":\"required name=search_term_string\"}],\"inLanguage\":\"pt-BR\"},{\"@type\":\"Organization\",\"@id\":\"https:\/\/linkdata.com.br\/#organization\",\"name\":\"Link Data S\/A - Solu\u00e7\u00f5es em Gest\u00e3o P\u00fablica\",\"url\":\"https:\/\/linkdata.com.br\/\",\"logo\":{\"@type\":\"ImageObject\",\"inLanguage\":\"pt-BR\",\"@id\":\"https:\/\/linkdata.com.br\/#\/schema\/logo\/image\/\",\"url\":\"https:\/\/linkdata.com.br\/wp-content\/uploads\/img_27anos.png\",\"contentUrl\":\"https:\/\/linkdata.com.br\/wp-content\/uploads\/img_27anos.png\",\"width\":180,\"height\":64,\"caption\":\"Link Data S\/A - Solu\u00e7\u00f5es em Gest\u00e3o P\u00fablica\"},\"image\":{\"@id\":\"https:\/\/linkdata.com.br\/#\/schema\/logo\/image\/\"}}]}<\/script>\n<!-- \/ Yoast SEO plugin. -->","yoast_head_json":{"title":"Patrim\u00f4nio Imobili\u00e1rio | Link Data - Solu\u00e7\u00f5es em Gest\u00e3o P\u00fablica","description":"ASI - Solu\u00e7\u00e3o em Gest\u00e3o de Patrim\u00f4nio Imobili\u00e1rio permite registrar, gerenciar, manter e fiscalizar os im\u00f3veis do qual o Estado \u00e9 titular de dom\u00ednio ou de ocupa\u00e7\u00e3o, acompanhando f\u00edsico, cont\u00e1bil e financeiramente benfeitorias realizadas.","robots":{"index":"index","follow":"follow","max-snippet":"max-snippet:-1","max-image-preview":"max-image-preview:large","max-video-preview":"max-video-preview:-1"},"canonical":"https:\/\/linkdata.com.br\/?page_id=35","og_locale":"pt_BR","og_type":"article","og_title":"Patrim\u00f4nio Imobili\u00e1rio | Link Data - Solu\u00e7\u00f5es em Gest\u00e3o P\u00fablica","og_description":"ASI - Solu\u00e7\u00e3o em Gest\u00e3o de Patrim\u00f4nio Imobili\u00e1rio permite registrar, gerenciar, manter e fiscalizar os im\u00f3veis do qual o Estado \u00e9 titular de dom\u00ednio ou de ocupa\u00e7\u00e3o, acompanhando f\u00edsico, cont\u00e1bil e financeiramente benfeitorias realizadas.","og_url":"https:\/\/linkdata.com.br\/?page_id=35","og_site_name":"Link Data - Solu\u00e7\u00f5es em Gest\u00e3o P\u00fablica","article_modified_time":"2020-04-01T19:08:32+00:00","og_image":[{"url":"https:\/\/linkdata.com.br\/wp-content\/uploads\/fluxoImoveis.png"}],"twitter_card":"summary_large_image","twitter_misc":{"Est. tempo de leitura":"1 minuto"},"schema":{"@context":"https:\/\/schema.org","@graph":[{"@type":"WebPage","@id":"https:\/\/linkdata.com.br\/?page_id=35","url":"https:\/\/linkdata.com.br\/?page_id=35","name":"Patrim\u00f4nio Imobili\u00e1rio | Link Data - Solu\u00e7\u00f5es em Gest\u00e3o P\u00fablica","isPartOf":{"@id":"https:\/\/linkdata.com.br\/#website"},"primaryImageOfPage":{"@id":"https:\/\/linkdata.com.br\/?page_id=35#primaryimage"},"image":{"@id":"https:\/\/linkdata.com.br\/?page_id=35#primaryimage"},"thumbnailUrl":"https:\/\/linkdata.com.br\/wp-content\/uploads\/fluxoImoveis.png","datePublished":"2012-11-30T10:30:27+00:00","dateModified":"2020-04-01T19:08:32+00:00","description":"ASI - Solu\u00e7\u00e3o em Gest\u00e3o de Patrim\u00f4nio Imobili\u00e1rio permite registrar, gerenciar, manter e fiscalizar os im\u00f3veis do qual o Estado \u00e9 titular de dom\u00ednio ou de ocupa\u00e7\u00e3o, acompanhando f\u00edsico, cont\u00e1bil e financeiramente benfeitorias realizadas.","breadcrumb":{"@id":"https:\/\/linkdata.com.br\/?page_id=35#breadcrumb"},"inLanguage":"pt-BR","potentialAction":[{"@type":"ReadAction","target":["https:\/\/linkdata.com.br\/?page_id=35"]}]},{"@type":"ImageObject","inLanguage":"pt-BR","@id":"https:\/\/linkdata.com.br\/?page_id=35#primaryimage","url":"https:\/\/linkdata.com.br\/wp-content\/uploads\/fluxoImoveis.png","contentUrl":"https:\/\/linkdata.com.br\/wp-content\/uploads\/fluxoImoveis.png","width":"592","height":"478"},{"@type":"BreadcrumbList","@id":"https:\/\/linkdata.com.br\/?page_id=35#breadcrumb","itemListElement":[{"@type":"ListItem","position":1,"name":"In\u00edcio","item":"https:\/\/linkdata.com.br\/"},{"@type":"ListItem","position":2,"name":"Solu\u00e7\u00e3o ASI","item":"https:\/\/linkdata.com.br\/?page_id=18"},{"@type":"ListItem","position":3,"name":"Patrim\u00f4nio Imobili\u00e1rio"}]},{"@type":"WebSite","@id":"https:\/\/linkdata.com.br\/#website","url":"https:\/\/linkdata.com.br\/","name":"Link Data - Solu\u00e7\u00f5es em Gest\u00e3o P\u00fablica","description":"Solu\u00e7\u00f5es Tecnol\u00f3gicas e Conhecimento em Gest\u00e3o P\u00fablica","publisher":{"@id":"https:\/\/linkdata.com.br\/#organization"},"potentialAction":[{"@type":"SearchAction","target":{"@type":"EntryPoint","urlTemplate":"https:\/\/linkdata.com.br\/?s={search_term_string}"},"query-input":"required name=search_term_string"}],"inLanguage":"pt-BR"},{"@type":"Organization","@id":"https:\/\/linkdata.com.br\/#organization","name":"Link Data S\/A - Solu\u00e7\u00f5es em Gest\u00e3o P\u00fablica","url":"https:\/\/linkdata.com.br\/","logo":{"@type":"ImageObject","inLanguage":"pt-BR","@id":"https:\/\/linkdata.com.br\/#\/schema\/logo\/image\/","url":"https:\/\/linkdata.com.br\/wp-content\/uploads\/img_27anos.png","contentUrl":"https:\/\/linkdata.com.br\/wp-content\/uploads\/img_27anos.png","width":180,"height":64,"caption":"Link Data S\/A - Solu\u00e7\u00f5es em Gest\u00e3o P\u00fablica"},"image":{"@id":"https:\/\/linkdata.com.br\/#\/schema\/logo\/image\/"}}]}},"_links":{"self":[{"href":"https:\/\/linkdata.com.br\/index.php?rest_route=\/wp\/v2\/pages\/35"}],"collection":[{"href":"https:\/\/linkdata.com.br\/index.php?rest_route=\/wp\/v2\/pages"}],"about":[{"href":"https:\/\/linkdata.com.br\/index.php?rest_route=\/wp\/v2\/types\/page"}],"author":[{"embeddable":true,"href":"https:\/\/linkdata.com.br\/index.php?rest_route=\/wp\/v2\/users\/2"}],"replies":[{"embeddable":true,"href":"https:\/\/linkdata.com.br\/index.php?rest_route=%2Fwp%2Fv2%2Fcomments&post=35"}],"version-history":[{"count":24,"href":"https:\/\/linkdata.com.br\/index.php?rest_route=\/wp\/v2\/pages\/35\/revisions"}],"predecessor-version":[{"id":1026,"href":"https:\/\/linkdata.com.br\/index.php?rest_route=\/wp\/v2\/pages\/35\/revisions\/1026"}],"up":[{"embeddable":true,"href":"https:\/\/linkdata.com.br\/index.php?rest_route=\/wp\/v2\/pages\/18"}],"wp:attachment":[{"href":"https:\/\/linkdata.com.br\/index.php?rest_route=%2Fwp%2Fv2%2Fmedia&parent=35"}],"curies":[{"name":"wp","href":"https:\/\/api.w.org\/{rel}","templated":true}]}}