{"id":513,"date":"2013-02-25T14:37:33","date_gmt":"2013-02-25T14:37:33","guid":{"rendered":"http:\/\/10.1.0.26\/wordpress\/?page_id=513"},"modified":"2016-01-22T15:42:40","modified_gmt":"2016-01-22T17:42:40","slug":"gestao-publica-depreciacao-de-bens-moveis","status":"publish","type":"page","link":"https:\/\/linkdata.com.br\/?page_id=513","title":{"rendered":"Deprecia\u00e7\u00e3o de Bens"},"content":{"rendered":"<h1>ASI &#8211; Solu\u00e7\u00e3o em Gest\u00e3o em Deprecia\u00e7\u00e3o de Bens<\/h1>\n<p>A <b>deprecia\u00e7\u00e3o de bens m\u00f3veis<\/b> \u00e9 tratada nas resolu\u00e7\u00f5es n\u00ba 750\/93 e n\u00ba 1.111\/07 do <b>Conselho Federal de Contabilidade<\/b> \u2013 <b>CFC<\/b>. O CFC \u00e9 o \u00d3rg\u00e3o respons\u00e1vel por estabelecer e manter &#8220;Princ\u00edpios Fundamentais de Contabilidade \u2013 PFC&#8221;, que em 2008, publicou resolu\u00e7\u00e3o n\u00ba. 1.136\/08, no qual torna obrigat\u00f3ria a ado\u00e7\u00e3o de procedimentos acerca do reconhecimento e demonstra\u00e7\u00e3o referente a deprecia\u00e7\u00e3o de bens a partir do ano de 2010.<\/p>\n<p>A interpreta\u00e7\u00e3o do <b>PFC<\/b> no setor p\u00fablico \u00e9 de responsabilidade da Secretaria do Tesouro Nacional \u2013 <b>STN<\/b>. Em complemento a resolu\u00e7\u00e3o n\u00ba. 1.136\/08 do <b>CFC<\/b>, a <b>STN<\/b> publicou a portaria 467\/09 junto com 04 volumes do <i>&#8220;Manual de Contabilidade Aplicada ao Setor P\u00fablico&#8221;<\/i>, determinando a padroniza\u00e7\u00e3o dos procedimentos cont\u00e1beis nos tr\u00eas n\u00edveis de governo (Uni\u00e3o, Estados e Munic\u00edpio). O objetivo dessa padroniza\u00e7\u00e3o foi apoiar a gest\u00e3o patrimonial estabelecida na Lei Complementar n\u00ba 101 de 4 de maio de 2000, mais conhecida como &#8220;Lei de Responsabilidade Fiscal&#8221;.<\/p>\n<p>As <b>diretrizes<\/b> da portaria 467\/09 s\u00e3o aplicadas \u00e0 <b>Uni\u00e3o<\/b>, aos <b>Estados<\/b>, ao <b>Distrito Federal<\/b> e aos Munic\u00edpios de forma facultativa para o exerc\u00edcio de 2010. A obrigatoriedade de seguir as diretrizes da portaria \u00e9 a partir do exerc\u00edcio de 2011 para a Uni\u00e3o, em 2012 para os Estados e o Distrito Federal e em 2013 para todos os munic\u00edpios do pais.<\/p>\n<p>A ader\u00eancia a estas novas diretrizes, al\u00e9m do aspecto legal ir\u00e1 permitir a elabora\u00e7\u00e3o de demonstra\u00e7\u00f5es cont\u00e1beis consolidadas e padronizadas com base no plano de contas. Isto <b>permitir\u00e1 a uniformiza\u00e7\u00e3o de pr\u00e1ticas cont\u00e1beis<\/b>, relacionadas ao reconhecimento, mensura\u00e7\u00e3o, registro, avalia\u00e7\u00e3o e controle do patrim\u00f4nio, adequando-os aos dispositivos legais vigentes e aos padr\u00f5es internacionais de Contabilidade do Setor P\u00fablico, cumprindo a segunda diretriz da <b>STN<\/b> que refere-se \u00e0s Normas Internacionais de Contabilidade aplicadas ao Setor P\u00fablico (<b>IPSAS<\/b>).<\/p>\n","protected":false},"excerpt":{"rendered":"<p>ASI &#8211; Solu\u00e7\u00e3o em Gest\u00e3o em Deprecia\u00e7\u00e3o de Bens A deprecia\u00e7\u00e3o de bens m\u00f3veis \u00e9 tratada nas resolu\u00e7\u00f5es n\u00ba 750\/93 e n\u00ba 1.111\/07 do Conselho Federal de Contabilidade \u2013 CFC. O CFC \u00e9 o \u00d3rg\u00e3o respons\u00e1vel por estabelecer e manter &#8220;Princ\u00edpios Fundamentais de Contabilidade \u2013 PFC&#8221;, que em 2008, publicou [&hellip;]<\/p>\n","protected":false},"author":2,"featured_media":0,"parent":0,"menu_order":0,"comment_status":"closed","ping_status":"closed","template":"","meta":{"footnotes":""},"yoast_head":"<!-- This site is optimized with the Yoast SEO plugin v23.0 - https:\/\/yoast.com\/wordpress\/plugins\/seo\/ -->\n<title>Deprecia\u00e7\u00e3o de Bens | Link Data - Solu\u00e7\u00f5es em Gest\u00e3o P\u00fablica<\/title>\n<meta name=\"description\" content=\"ASI - Solu\u00e7\u00e3o em Gest\u00e3o em Deprecia\u00e7\u00e3o de Bens permitir\u00e1 a uniformiza\u00e7\u00e3o de pr\u00e1ticas cont\u00e1beis, relacionadas ao reconhecimento, mensura\u00e7\u00e3o, registro, avalia\u00e7\u00e3o e controle do patrim\u00f4nio\" \/>\n<meta name=\"robots\" content=\"index, follow, max-snippet:-1, max-image-preview:large, max-video-preview:-1\" \/>\n<link rel=\"canonical\" href=\"https:\/\/linkdata.com.br\/?page_id=513\" \/>\n<meta property=\"og:locale\" content=\"pt_BR\" \/>\n<meta property=\"og:type\" content=\"article\" \/>\n<meta property=\"og:title\" content=\"Deprecia\u00e7\u00e3o de Bens | Link Data - Solu\u00e7\u00f5es em Gest\u00e3o P\u00fablica\" \/>\n<meta property=\"og:description\" content=\"ASI - Solu\u00e7\u00e3o em Gest\u00e3o em Deprecia\u00e7\u00e3o de Bens permitir\u00e1 a uniformiza\u00e7\u00e3o de pr\u00e1ticas cont\u00e1beis, relacionadas ao reconhecimento, mensura\u00e7\u00e3o, registro, avalia\u00e7\u00e3o e controle do patrim\u00f4nio\" \/>\n<meta property=\"og:url\" content=\"https:\/\/linkdata.com.br\/?page_id=513\" \/>\n<meta property=\"og:site_name\" content=\"Link Data - Solu\u00e7\u00f5es em Gest\u00e3o P\u00fablica\" \/>\n<meta property=\"article:modified_time\" content=\"2016-01-22T17:42:40+00:00\" \/>\n<meta name=\"twitter:card\" content=\"summary_large_image\" \/>\n<meta name=\"twitter:label1\" content=\"Est. tempo de leitura\" \/>\n\t<meta name=\"twitter:data1\" content=\"2 minutos\" \/>\n<script type=\"application\/ld+json\" class=\"yoast-schema-graph\">{\"@context\":\"https:\/\/schema.org\",\"@graph\":[{\"@type\":\"WebPage\",\"@id\":\"https:\/\/linkdata.com.br\/?page_id=513\",\"url\":\"https:\/\/linkdata.com.br\/?page_id=513\",\"name\":\"Deprecia\u00e7\u00e3o de Bens | Link Data - Solu\u00e7\u00f5es em Gest\u00e3o P\u00fablica\",\"isPartOf\":{\"@id\":\"https:\/\/linkdata.com.br\/#website\"},\"datePublished\":\"2013-02-25T14:37:33+00:00\",\"dateModified\":\"2016-01-22T17:42:40+00:00\",\"description\":\"ASI - Solu\u00e7\u00e3o em Gest\u00e3o em Deprecia\u00e7\u00e3o de Bens permitir\u00e1 a uniformiza\u00e7\u00e3o de pr\u00e1ticas cont\u00e1beis, relacionadas ao reconhecimento, mensura\u00e7\u00e3o, registro, avalia\u00e7\u00e3o e controle do patrim\u00f4nio\",\"breadcrumb\":{\"@id\":\"https:\/\/linkdata.com.br\/?page_id=513#breadcrumb\"},\"inLanguage\":\"pt-BR\",\"potentialAction\":[{\"@type\":\"ReadAction\",\"target\":[\"https:\/\/linkdata.com.br\/?page_id=513\"]}]},{\"@type\":\"BreadcrumbList\",\"@id\":\"https:\/\/linkdata.com.br\/?page_id=513#breadcrumb\",\"itemListElement\":[{\"@type\":\"ListItem\",\"position\":1,\"name\":\"In\u00edcio\",\"item\":\"https:\/\/linkdata.com.br\/\"},{\"@type\":\"ListItem\",\"position\":2,\"name\":\"Deprecia\u00e7\u00e3o de Bens\"}]},{\"@type\":\"WebSite\",\"@id\":\"https:\/\/linkdata.com.br\/#website\",\"url\":\"https:\/\/linkdata.com.br\/\",\"name\":\"Link Data - Solu\u00e7\u00f5es em Gest\u00e3o P\u00fablica\",\"description\":\"Solu\u00e7\u00f5es Tecnol\u00f3gicas e Conhecimento em Gest\u00e3o P\u00fablica\",\"publisher\":{\"@id\":\"https:\/\/linkdata.com.br\/#organization\"},\"potentialAction\":[{\"@type\":\"SearchAction\",\"target\":{\"@type\":\"EntryPoint\",\"urlTemplate\":\"https:\/\/linkdata.com.br\/?s={search_term_string}\"},\"query-input\":\"required name=search_term_string\"}],\"inLanguage\":\"pt-BR\"},{\"@type\":\"Organization\",\"@id\":\"https:\/\/linkdata.com.br\/#organization\",\"name\":\"Link Data S\/A - Solu\u00e7\u00f5es em Gest\u00e3o P\u00fablica\",\"url\":\"https:\/\/linkdata.com.br\/\",\"logo\":{\"@type\":\"ImageObject\",\"inLanguage\":\"pt-BR\",\"@id\":\"https:\/\/linkdata.com.br\/#\/schema\/logo\/image\/\",\"url\":\"https:\/\/linkdata.com.br\/wp-content\/uploads\/img_27anos.png\",\"contentUrl\":\"https:\/\/linkdata.com.br\/wp-content\/uploads\/img_27anos.png\",\"width\":180,\"height\":64,\"caption\":\"Link Data S\/A - Solu\u00e7\u00f5es em Gest\u00e3o P\u00fablica\"},\"image\":{\"@id\":\"https:\/\/linkdata.com.br\/#\/schema\/logo\/image\/\"}}]}<\/script>\n<!-- \/ Yoast SEO plugin. -->","yoast_head_json":{"title":"Deprecia\u00e7\u00e3o de Bens | Link Data - Solu\u00e7\u00f5es em Gest\u00e3o P\u00fablica","description":"ASI - Solu\u00e7\u00e3o em Gest\u00e3o em Deprecia\u00e7\u00e3o de Bens permitir\u00e1 a uniformiza\u00e7\u00e3o de pr\u00e1ticas cont\u00e1beis, relacionadas ao reconhecimento, mensura\u00e7\u00e3o, registro, avalia\u00e7\u00e3o e controle do patrim\u00f4nio","robots":{"index":"index","follow":"follow","max-snippet":"max-snippet:-1","max-image-preview":"max-image-preview:large","max-video-preview":"max-video-preview:-1"},"canonical":"https:\/\/linkdata.com.br\/?page_id=513","og_locale":"pt_BR","og_type":"article","og_title":"Deprecia\u00e7\u00e3o de Bens | Link Data - Solu\u00e7\u00f5es em Gest\u00e3o P\u00fablica","og_description":"ASI - Solu\u00e7\u00e3o em Gest\u00e3o em Deprecia\u00e7\u00e3o de Bens permitir\u00e1 a uniformiza\u00e7\u00e3o de pr\u00e1ticas cont\u00e1beis, relacionadas ao reconhecimento, mensura\u00e7\u00e3o, registro, avalia\u00e7\u00e3o e controle do patrim\u00f4nio","og_url":"https:\/\/linkdata.com.br\/?page_id=513","og_site_name":"Link Data - Solu\u00e7\u00f5es em Gest\u00e3o P\u00fablica","article_modified_time":"2016-01-22T17:42:40+00:00","twitter_card":"summary_large_image","twitter_misc":{"Est. tempo de leitura":"2 minutos"},"schema":{"@context":"https:\/\/schema.org","@graph":[{"@type":"WebPage","@id":"https:\/\/linkdata.com.br\/?page_id=513","url":"https:\/\/linkdata.com.br\/?page_id=513","name":"Deprecia\u00e7\u00e3o de Bens | Link Data - Solu\u00e7\u00f5es em Gest\u00e3o P\u00fablica","isPartOf":{"@id":"https:\/\/linkdata.com.br\/#website"},"datePublished":"2013-02-25T14:37:33+00:00","dateModified":"2016-01-22T17:42:40+00:00","description":"ASI - Solu\u00e7\u00e3o em Gest\u00e3o em Deprecia\u00e7\u00e3o de Bens permitir\u00e1 a uniformiza\u00e7\u00e3o de pr\u00e1ticas cont\u00e1beis, relacionadas ao reconhecimento, mensura\u00e7\u00e3o, registro, avalia\u00e7\u00e3o e controle do patrim\u00f4nio","breadcrumb":{"@id":"https:\/\/linkdata.com.br\/?page_id=513#breadcrumb"},"inLanguage":"pt-BR","potentialAction":[{"@type":"ReadAction","target":["https:\/\/linkdata.com.br\/?page_id=513"]}]},{"@type":"BreadcrumbList","@id":"https:\/\/linkdata.com.br\/?page_id=513#breadcrumb","itemListElement":[{"@type":"ListItem","position":1,"name":"In\u00edcio","item":"https:\/\/linkdata.com.br\/"},{"@type":"ListItem","position":2,"name":"Deprecia\u00e7\u00e3o de Bens"}]},{"@type":"WebSite","@id":"https:\/\/linkdata.com.br\/#website","url":"https:\/\/linkdata.com.br\/","name":"Link Data - Solu\u00e7\u00f5es em Gest\u00e3o P\u00fablica","description":"Solu\u00e7\u00f5es Tecnol\u00f3gicas e Conhecimento em Gest\u00e3o P\u00fablica","publisher":{"@id":"https:\/\/linkdata.com.br\/#organization"},"potentialAction":[{"@type":"SearchAction","target":{"@type":"EntryPoint","urlTemplate":"https:\/\/linkdata.com.br\/?s={search_term_string}"},"query-input":"required name=search_term_string"}],"inLanguage":"pt-BR"},{"@type":"Organization","@id":"https:\/\/linkdata.com.br\/#organization","name":"Link Data S\/A - Solu\u00e7\u00f5es em Gest\u00e3o P\u00fablica","url":"https:\/\/linkdata.com.br\/","logo":{"@type":"ImageObject","inLanguage":"pt-BR","@id":"https:\/\/linkdata.com.br\/#\/schema\/logo\/image\/","url":"https:\/\/linkdata.com.br\/wp-content\/uploads\/img_27anos.png","contentUrl":"https:\/\/linkdata.com.br\/wp-content\/uploads\/img_27anos.png","width":180,"height":64,"caption":"Link Data S\/A - Solu\u00e7\u00f5es em Gest\u00e3o P\u00fablica"},"image":{"@id":"https:\/\/linkdata.com.br\/#\/schema\/logo\/image\/"}}]}},"_links":{"self":[{"href":"https:\/\/linkdata.com.br\/index.php?rest_route=\/wp\/v2\/pages\/513"}],"collection":[{"href":"https:\/\/linkdata.com.br\/index.php?rest_route=\/wp\/v2\/pages"}],"about":[{"href":"https:\/\/linkdata.com.br\/index.php?rest_route=\/wp\/v2\/types\/page"}],"author":[{"embeddable":true,"href":"https:\/\/linkdata.com.br\/index.php?rest_route=\/wp\/v2\/users\/2"}],"replies":[{"embeddable":true,"href":"https:\/\/linkdata.com.br\/index.php?rest_route=%2Fwp%2Fv2%2Fcomments&post=513"}],"version-history":[{"count":9,"href":"https:\/\/linkdata.com.br\/index.php?rest_route=\/wp\/v2\/pages\/513\/revisions"}],"predecessor-version":[{"id":879,"href":"https:\/\/linkdata.com.br\/index.php?rest_route=\/wp\/v2\/pages\/513\/revisions\/879"}],"wp:attachment":[{"href":"https:\/\/linkdata.com.br\/index.php?rest_route=%2Fwp%2Fv2%2Fmedia&parent=513"}],"curies":[{"name":"wp","href":"https:\/\/api.w.org\/{rel}","templated":true}]}}