{"id":70,"date":"2012-11-30T11:35:21","date_gmt":"2012-11-30T11:35:21","guid":{"rendered":"http:\/\/10.1.0.26\/wordpress\/?page_id=70"},"modified":"2013-03-13T20:07:31","modified_gmt":"2013-03-13T20:07:31","slug":"jobs","status":"publish","type":"page","link":"https:\/\/linkdata.com.br\/?page_id=70","title":{"rendered":"Oportunidades"},"content":{"rendered":"<p>Vagas dispon\u00edveis na Link Data.<\/p>\n","protected":false},"excerpt":{"rendered":"<p>Vagas dispon\u00edveis na Link Data.<\/p>\n","protected":false},"author":2,"featured_media":0,"parent":0,"menu_order":0,"comment_status":"closed","ping_status":"closed","template":"","meta":{"footnotes":""},"yoast_head":"<!-- This site is optimized with the Yoast SEO plugin v23.0 - https:\/\/yoast.com\/wordpress\/plugins\/seo\/ -->\n<title>Oportunidades | Link Data - Solu\u00e7\u00f5es em Gest\u00e3o P\u00fablica<\/title>\n<meta name=\"robots\" content=\"index, follow, max-snippet:-1, max-image-preview:large, max-video-preview:-1\" \/>\n<link rel=\"canonical\" href=\"https:\/\/linkdata.com.br\/?page_id=70\" \/>\n<meta property=\"og:locale\" content=\"pt_BR\" \/>\n<meta property=\"og:type\" content=\"article\" \/>\n<meta property=\"og:title\" content=\"Oportunidades | Link Data - Solu\u00e7\u00f5es em Gest\u00e3o P\u00fablica\" \/>\n<meta property=\"og:description\" content=\"Vagas dispon\u00edveis na Link Data.\" \/>\n<meta property=\"og:url\" content=\"https:\/\/linkdata.com.br\/?page_id=70\" \/>\n<meta property=\"og:site_name\" content=\"Link Data - Solu\u00e7\u00f5es em Gest\u00e3o P\u00fablica\" \/>\n<meta property=\"article:modified_time\" content=\"2013-03-13T20:07:31+00:00\" \/>\n<meta name=\"twitter:card\" content=\"summary_large_image\" \/>\n<script type=\"application\/ld+json\" class=\"yoast-schema-graph\">{\"@context\":\"https:\/\/schema.org\",\"@graph\":[{\"@type\":\"WebPage\",\"@id\":\"https:\/\/linkdata.com.br\/?page_id=70\",\"url\":\"https:\/\/linkdata.com.br\/?page_id=70\",\"name\":\"Oportunidades | Link Data - Solu\u00e7\u00f5es em Gest\u00e3o P\u00fablica\",\"isPartOf\":{\"@id\":\"https:\/\/linkdata.com.br\/#website\"},\"datePublished\":\"2012-11-30T11:35:21+00:00\",\"dateModified\":\"2013-03-13T20:07:31+00:00\",\"breadcrumb\":{\"@id\":\"https:\/\/linkdata.com.br\/?page_id=70#breadcrumb\"},\"inLanguage\":\"pt-BR\",\"potentialAction\":[{\"@type\":\"ReadAction\",\"target\":[\"https:\/\/linkdata.com.br\/?page_id=70\"]}]},{\"@type\":\"BreadcrumbList\",\"@id\":\"https:\/\/linkdata.com.br\/?page_id=70#breadcrumb\",\"itemListElement\":[{\"@type\":\"ListItem\",\"position\":1,\"name\":\"In\u00edcio\",\"item\":\"https:\/\/linkdata.com.br\/\"},{\"@type\":\"ListItem\",\"position\":2,\"name\":\"Oportunidades\"}]},{\"@type\":\"WebSite\",\"@id\":\"https:\/\/linkdata.com.br\/#website\",\"url\":\"https:\/\/linkdata.com.br\/\",\"name\":\"Link Data - Solu\u00e7\u00f5es em Gest\u00e3o P\u00fablica\",\"description\":\"Solu\u00e7\u00f5es Tecnol\u00f3gicas e Conhecimento em Gest\u00e3o P\u00fablica\",\"publisher\":{\"@id\":\"https:\/\/linkdata.com.br\/#organization\"},\"potentialAction\":[{\"@type\":\"SearchAction\",\"target\":{\"@type\":\"EntryPoint\",\"urlTemplate\":\"https:\/\/linkdata.com.br\/?s={search_term_string}\"},\"query-input\":\"required name=search_term_string\"}],\"inLanguage\":\"pt-BR\"},{\"@type\":\"Organization\",\"@id\":\"https:\/\/linkdata.com.br\/#organization\",\"name\":\"Link Data S\/A - Solu\u00e7\u00f5es em Gest\u00e3o P\u00fablica\",\"url\":\"https:\/\/linkdata.com.br\/\",\"logo\":{\"@type\":\"ImageObject\",\"inLanguage\":\"pt-BR\",\"@id\":\"https:\/\/linkdata.com.br\/#\/schema\/logo\/image\/\",\"url\":\"https:\/\/linkdata.com.br\/wp-content\/uploads\/img_27anos.png\",\"contentUrl\":\"https:\/\/linkdata.com.br\/wp-content\/uploads\/img_27anos.png\",\"width\":180,\"height\":64,\"caption\":\"Link Data S\/A - Solu\u00e7\u00f5es em Gest\u00e3o P\u00fablica\"},\"image\":{\"@id\":\"https:\/\/linkdata.com.br\/#\/schema\/logo\/image\/\"}}]}<\/script>\n<!-- \/ Yoast SEO plugin. -->","yoast_head_json":{"title":"Oportunidades | Link Data - Solu\u00e7\u00f5es em Gest\u00e3o P\u00fablica","robots":{"index":"index","follow":"follow","max-snippet":"max-snippet:-1","max-image-preview":"max-image-preview:large","max-video-preview":"max-video-preview:-1"},"canonical":"https:\/\/linkdata.com.br\/?page_id=70","og_locale":"pt_BR","og_type":"article","og_title":"Oportunidades | Link Data - Solu\u00e7\u00f5es em Gest\u00e3o P\u00fablica","og_description":"Vagas dispon\u00edveis na Link Data.","og_url":"https:\/\/linkdata.com.br\/?page_id=70","og_site_name":"Link Data - Solu\u00e7\u00f5es em Gest\u00e3o P\u00fablica","article_modified_time":"2013-03-13T20:07:31+00:00","twitter_card":"summary_large_image","schema":{"@context":"https:\/\/schema.org","@graph":[{"@type":"WebPage","@id":"https:\/\/linkdata.com.br\/?page_id=70","url":"https:\/\/linkdata.com.br\/?page_id=70","name":"Oportunidades | Link Data - Solu\u00e7\u00f5es em Gest\u00e3o P\u00fablica","isPartOf":{"@id":"https:\/\/linkdata.com.br\/#website"},"datePublished":"2012-11-30T11:35:21+00:00","dateModified":"2013-03-13T20:07:31+00:00","breadcrumb":{"@id":"https:\/\/linkdata.com.br\/?page_id=70#breadcrumb"},"inLanguage":"pt-BR","potentialAction":[{"@type":"ReadAction","target":["https:\/\/linkdata.com.br\/?page_id=70"]}]},{"@type":"BreadcrumbList","@id":"https:\/\/linkdata.com.br\/?page_id=70#breadcrumb","itemListElement":[{"@type":"ListItem","position":1,"name":"In\u00edcio","item":"https:\/\/linkdata.com.br\/"},{"@type":"ListItem","position":2,"name":"Oportunidades"}]},{"@type":"WebSite","@id":"https:\/\/linkdata.com.br\/#website","url":"https:\/\/linkdata.com.br\/","name":"Link Data - Solu\u00e7\u00f5es em Gest\u00e3o P\u00fablica","description":"Solu\u00e7\u00f5es Tecnol\u00f3gicas e Conhecimento em Gest\u00e3o P\u00fablica","publisher":{"@id":"https:\/\/linkdata.com.br\/#organization"},"potentialAction":[{"@type":"SearchAction","target":{"@type":"EntryPoint","urlTemplate":"https:\/\/linkdata.com.br\/?s={search_term_string}"},"query-input":"required name=search_term_string"}],"inLanguage":"pt-BR"},{"@type":"Organization","@id":"https:\/\/linkdata.com.br\/#organization","name":"Link Data S\/A - Solu\u00e7\u00f5es em Gest\u00e3o P\u00fablica","url":"https:\/\/linkdata.com.br\/","logo":{"@type":"ImageObject","inLanguage":"pt-BR","@id":"https:\/\/linkdata.com.br\/#\/schema\/logo\/image\/","url":"https:\/\/linkdata.com.br\/wp-content\/uploads\/img_27anos.png","contentUrl":"https:\/\/linkdata.com.br\/wp-content\/uploads\/img_27anos.png","width":180,"height":64,"caption":"Link Data S\/A - Solu\u00e7\u00f5es em Gest\u00e3o P\u00fablica"},"image":{"@id":"https:\/\/linkdata.com.br\/#\/schema\/logo\/image\/"}}]}},"_links":{"self":[{"href":"https:\/\/linkdata.com.br\/index.php?rest_route=\/wp\/v2\/pages\/70"}],"collection":[{"href":"https:\/\/linkdata.com.br\/index.php?rest_route=\/wp\/v2\/pages"}],"about":[{"href":"https:\/\/linkdata.com.br\/index.php?rest_route=\/wp\/v2\/types\/page"}],"author":[{"embeddable":true,"href":"https:\/\/linkdata.com.br\/index.php?rest_route=\/wp\/v2\/users\/2"}],"replies":[{"embeddable":true,"href":"https:\/\/linkdata.com.br\/index.php?rest_route=%2Fwp%2Fv2%2Fcomments&post=70"}],"version-history":[{"count":3,"href":"https:\/\/linkdata.com.br\/index.php?rest_route=\/wp\/v2\/pages\/70\/revisions"}],"predecessor-version":[{"id":594,"href":"https:\/\/linkdata.com.br\/index.php?rest_route=\/wp\/v2\/pages\/70\/revisions\/594"}],"wp:attachment":[{"href":"https:\/\/linkdata.com.br\/index.php?rest_route=%2Fwp%2Fv2%2Fmedia&parent=70"}],"curies":[{"name":"wp","href":"https:\/\/api.w.org\/{rel}","templated":true}]}}