{"id":74,"date":"2012-11-30T11:41:50","date_gmt":"2012-11-30T11:41:50","guid":{"rendered":"http:\/\/10.1.0.26\/wordpress\/?page_id=74"},"modified":"2020-05-12T11:50:00","modified_gmt":"2020-05-12T14:50:00","slug":"fale-conosco-suporte","status":"publish","type":"page","link":"https:\/\/linkdata.com.br\/?page_id=74","title":{"rendered":"Contato &#8211; Suporte"},"content":{"rendered":"<p>A Link Data disponibiliza agora um link\u00a0exclusivo para usu\u00e1rios do sistema ASI! Acesse nosso <em><a style=\"text-decoration: underline; color: #660000;\" title=\"Help Desk\" href=\"http:\/\/erp.linkdata.com.br:8080\/LinkdataEX\/\" target=\"_blank\">helpdesk<\/a><\/em>\u00a0para d\u00favidas ou sugest\u00f5es sobre o sistema.<\/p>\n<p>Ou ent\u00e3o preencha o formul\u00e1rio abaixo e clique em &#8220;Enviar&#8221;. Em breve entraremos em contato com voc\u00ea!<\/p>\n\n<div class=\"wpcf7 no-js\" id=\"wpcf7-f68-o1\" lang=\"\" dir=\"ltr\">\n<div class=\"screen-reader-response\"><p role=\"status\" aria-live=\"polite\" aria-atomic=\"true\"><\/p> <ul><\/ul><\/div>\n<form action=\"\/index.php?rest_route=%2Fwp%2Fv2%2Fpages%2F74#wpcf7-f68-o1\" method=\"post\" class=\"wpcf7-form init\" aria-label=\"Formul\u00e1rios de contato\" novalidate=\"novalidate\" data-status=\"init\">\n<div style=\"display: none;\">\n<input type=\"hidden\" name=\"_wpcf7\" value=\"68\" \/>\n<input type=\"hidden\" name=\"_wpcf7_version\" value=\"5.9.6\" \/>\n<input type=\"hidden\" name=\"_wpcf7_locale\" value=\"\" \/>\n<input type=\"hidden\" name=\"_wpcf7_unit_tag\" value=\"wpcf7-f68-o1\" \/>\n<input type=\"hidden\" name=\"_wpcf7_container_post\" value=\"0\" \/>\n<input type=\"hidden\" name=\"_wpcf7_posted_data_hash\" value=\"\" \/>\n<\/div>\n<p>Digite seu nome:\n<\/p>\n<p><span class=\"wpcf7-form-control-wrap\" data-name=\"your-name\"><input size=\"40\" maxlength=\"80\" class=\"wpcf7-form-control wpcf7-text wpcf7-validates-as-required\" aria-required=\"true\" aria-invalid=\"false\" value=\"\" type=\"text\" name=\"your-name\" \/><\/span>\n<\/p>\n<p>* Trabalha em qual \u00d3rg\u00e3o\/empresa?\n<\/p>\n<p><span class=\"wpcf7-form-control-wrap\" data-name=\"orgao\"><input size=\"40\" maxlength=\"80\" class=\"wpcf7-form-control wpcf7-text wpcf7-validates-as-required\" aria-required=\"true\" aria-invalid=\"false\" value=\"\" type=\"text\" name=\"orgao\" \/><\/span>\n<\/p>\n<p>Cidade:\n<\/p>\n<p><span class=\"wpcf7-form-control-wrap\" data-name=\"cidade\"><input size=\"40\" maxlength=\"80\" class=\"wpcf7-form-control wpcf7-text\" aria-invalid=\"false\" value=\"\" type=\"text\" name=\"cidade\" \/><\/span>\n<\/p>\n<p>U.F:\n<\/p>\n<p><span class=\"wpcf7-form-control-wrap\" data-name=\"uf\"><input size=\"2\" maxlength=\"80\" class=\"wpcf7-form-control wpcf7-text\" aria-invalid=\"false\" value=\"\" type=\"text\" name=\"uf\" \/><\/span>\n<\/p>\n<p>Digite seu e-mail:\n<\/p>\n<p><span class=\"wpcf7-form-control-wrap\" data-name=\"your-email\"><input size=\"40\" maxlength=\"80\" class=\"wpcf7-form-control wpcf7-email wpcf7-validates-as-required wpcf7-text wpcf7-validates-as-email\" aria-required=\"true\" aria-invalid=\"false\" value=\"\" type=\"email\" name=\"your-email\" \/><\/span>\n<\/p>\n<p>Telefone para contato:\n<\/p>\n<p><span class=\"wpcf7-form-control-wrap\" data-name=\"your-phone\"><input size=\"40\" maxlength=\"80\" class=\"wpcf7-form-control wpcf7-text\" aria-invalid=\"false\" value=\"\" type=\"text\" name=\"your-phone\" \/><\/span>\n<\/p>\n<p>Assunto da mensagem:\n<\/p>\n<p><span class=\"wpcf7-form-control-wrap\" data-name=\"your-subject\"><input size=\"40\" maxlength=\"80\" class=\"wpcf7-form-control wpcf7-text\" aria-invalid=\"false\" value=\"\" type=\"text\" name=\"your-subject\" \/><\/span>\n<\/p>\n<p>Digite sua mensagem:\n<\/p>\n<p><span class=\"wpcf7-form-control-wrap\" data-name=\"your-message\"><textarea cols=\"40\" rows=\"10\" maxlength=\"400\" class=\"wpcf7-form-control wpcf7-textarea\" aria-invalid=\"false\" name=\"your-message\"><\/textarea><\/span>\n<\/p>\n<p class=\"captchac\"><input type=\"hidden\" name=\"_wpcf7_captcha_challenge_captcha-832\" value=\"3462522590\" \/><img loading=\"lazy\" decoding=\"async\" class=\"wpcf7-form-control wpcf7-captchac wpcf7-captcha-captcha-832\" width=\"72\" height=\"24\" alt=\"captcha\" src=\"https:\/\/linkdata.com.br\/wp-content\/uploads\/wpcf7_captcha\/3462522590.png\" \/>\n<\/p>\n<p class=\"captchac\"><span class=\"text\">*Digite o texto acima <\/span><br \/>\n<span class=\"wpcf7-form-control-wrap\" data-name=\"captcha-832\"><input size=\"40\" class=\"wpcf7-form-control wpcf7-captchar\" autocomplete=\"off\" aria-invalid=\"false\" value=\"\" type=\"text\" name=\"captcha-832\" \/><\/span>\n<\/p>\n<p><input class=\"wpcf7-form-control wpcf7-submit has-spinner\" type=\"submit\" value=\"Enviar\" \/>\n<\/p><p style=\"display: none !important;\" class=\"akismet-fields-container\" data-prefix=\"_wpcf7_ak_\"><label>&#916;<textarea name=\"_wpcf7_ak_hp_textarea\" cols=\"45\" rows=\"8\" maxlength=\"100\"><\/textarea><\/label><input type=\"hidden\" id=\"ak_js_1\" name=\"_wpcf7_ak_js\" value=\"17\"\/><script>document.getElementById( \"ak_js_1\" ).setAttribute( \"value\", ( new Date() ).getTime() );<\/script><\/p><input type='hidden' class='wpcf7-pum' value='{\"closepopup\":false,\"closedelay\":0,\"openpopup\":false,\"openpopup_id\":0}' \/><div class=\"wpcf7-response-output\" aria-hidden=\"true\"><\/div>\n<\/form>\n<\/div>\n\n","protected":false},"excerpt":{"rendered":"<p>A Link Data disponibiliza agora um link\u00a0exclusivo para usu\u00e1rios do sistema ASI! Acesse nosso helpdesk\u00a0para d\u00favidas ou sugest\u00f5es sobre o sistema. Ou ent\u00e3o preencha o formul\u00e1rio abaixo e clique em &#8220;Enviar&#8221;. Em breve entraremos em contato com voc\u00ea!<\/p>\n","protected":false},"author":2,"featured_media":0,"parent":0,"menu_order":0,"comment_status":"closed","ping_status":"closed","template":"","meta":{"footnotes":""},"yoast_head":"<!-- This site is optimized with the Yoast SEO plugin v23.0 - https:\/\/yoast.com\/wordpress\/plugins\/seo\/ -->\n<title>Contato - Suporte | Link Data - Solu\u00e7\u00f5es em Gest\u00e3o P\u00fablica<\/title>\n<meta name=\"robots\" content=\"index, follow, max-snippet:-1, max-image-preview:large, max-video-preview:-1\" \/>\n<link rel=\"canonical\" href=\"https:\/\/linkdata.com.br\/?page_id=74\" \/>\n<meta property=\"og:locale\" content=\"pt_BR\" \/>\n<meta property=\"og:type\" content=\"article\" \/>\n<meta property=\"og:title\" content=\"Contato - Suporte | Link Data - Solu\u00e7\u00f5es em Gest\u00e3o P\u00fablica\" \/>\n<meta property=\"og:description\" content=\"A Link Data disponibiliza agora um link\u00a0exclusivo para usu\u00e1rios do sistema ASI! Acesse nosso helpdesk\u00a0para d\u00favidas ou sugest\u00f5es sobre o sistema. Ou ent\u00e3o preencha o formul\u00e1rio abaixo e clique em &#8220;Enviar&#8221;. Em breve entraremos em contato com voc\u00ea!\" \/>\n<meta property=\"og:url\" content=\"https:\/\/linkdata.com.br\/?page_id=74\" \/>\n<meta property=\"og:site_name\" content=\"Link Data - Solu\u00e7\u00f5es em Gest\u00e3o P\u00fablica\" \/>\n<meta property=\"article:modified_time\" content=\"2020-05-12T14:50:00+00:00\" \/>\n<meta name=\"twitter:card\" content=\"summary_large_image\" \/>\n<script type=\"application\/ld+json\" class=\"yoast-schema-graph\">{\"@context\":\"https:\/\/schema.org\",\"@graph\":[{\"@type\":\"WebPage\",\"@id\":\"https:\/\/linkdata.com.br\/?page_id=74\",\"url\":\"https:\/\/linkdata.com.br\/?page_id=74\",\"name\":\"Contato - Suporte | Link Data - Solu\u00e7\u00f5es em Gest\u00e3o P\u00fablica\",\"isPartOf\":{\"@id\":\"https:\/\/linkdata.com.br\/#website\"},\"datePublished\":\"2012-11-30T11:41:50+00:00\",\"dateModified\":\"2020-05-12T14:50:00+00:00\",\"breadcrumb\":{\"@id\":\"https:\/\/linkdata.com.br\/?page_id=74#breadcrumb\"},\"inLanguage\":\"pt-BR\",\"potentialAction\":[{\"@type\":\"ReadAction\",\"target\":[\"https:\/\/linkdata.com.br\/?page_id=74\"]}]},{\"@type\":\"BreadcrumbList\",\"@id\":\"https:\/\/linkdata.com.br\/?page_id=74#breadcrumb\",\"itemListElement\":[{\"@type\":\"ListItem\",\"position\":1,\"name\":\"In\u00edcio\",\"item\":\"https:\/\/linkdata.com.br\/\"},{\"@type\":\"ListItem\",\"position\":2,\"name\":\"Contato &#8211; Suporte\"}]},{\"@type\":\"WebSite\",\"@id\":\"https:\/\/linkdata.com.br\/#website\",\"url\":\"https:\/\/linkdata.com.br\/\",\"name\":\"Link Data - Solu\u00e7\u00f5es em Gest\u00e3o P\u00fablica\",\"description\":\"Solu\u00e7\u00f5es Tecnol\u00f3gicas e Conhecimento em Gest\u00e3o P\u00fablica\",\"publisher\":{\"@id\":\"https:\/\/linkdata.com.br\/#organization\"},\"potentialAction\":[{\"@type\":\"SearchAction\",\"target\":{\"@type\":\"EntryPoint\",\"urlTemplate\":\"https:\/\/linkdata.com.br\/?s={search_term_string}\"},\"query-input\":\"required name=search_term_string\"}],\"inLanguage\":\"pt-BR\"},{\"@type\":\"Organization\",\"@id\":\"https:\/\/linkdata.com.br\/#organization\",\"name\":\"Link Data S\/A - Solu\u00e7\u00f5es em Gest\u00e3o P\u00fablica\",\"url\":\"https:\/\/linkdata.com.br\/\",\"logo\":{\"@type\":\"ImageObject\",\"inLanguage\":\"pt-BR\",\"@id\":\"https:\/\/linkdata.com.br\/#\/schema\/logo\/image\/\",\"url\":\"https:\/\/linkdata.com.br\/wp-content\/uploads\/img_27anos.png\",\"contentUrl\":\"https:\/\/linkdata.com.br\/wp-content\/uploads\/img_27anos.png\",\"width\":180,\"height\":64,\"caption\":\"Link Data S\/A - Solu\u00e7\u00f5es em Gest\u00e3o P\u00fablica\"},\"image\":{\"@id\":\"https:\/\/linkdata.com.br\/#\/schema\/logo\/image\/\"}}]}<\/script>\n<!-- \/ Yoast SEO plugin. -->","yoast_head_json":{"title":"Contato - Suporte | Link Data - Solu\u00e7\u00f5es em Gest\u00e3o P\u00fablica","robots":{"index":"index","follow":"follow","max-snippet":"max-snippet:-1","max-image-preview":"max-image-preview:large","max-video-preview":"max-video-preview:-1"},"canonical":"https:\/\/linkdata.com.br\/?page_id=74","og_locale":"pt_BR","og_type":"article","og_title":"Contato - Suporte | Link Data - Solu\u00e7\u00f5es em Gest\u00e3o P\u00fablica","og_description":"A Link Data disponibiliza agora um link\u00a0exclusivo para usu\u00e1rios do sistema ASI! Acesse nosso helpdesk\u00a0para d\u00favidas ou sugest\u00f5es sobre o sistema. Ou ent\u00e3o preencha o formul\u00e1rio abaixo e clique em &#8220;Enviar&#8221;. Em breve entraremos em contato com voc\u00ea!","og_url":"https:\/\/linkdata.com.br\/?page_id=74","og_site_name":"Link Data - Solu\u00e7\u00f5es em Gest\u00e3o P\u00fablica","article_modified_time":"2020-05-12T14:50:00+00:00","twitter_card":"summary_large_image","schema":{"@context":"https:\/\/schema.org","@graph":[{"@type":"WebPage","@id":"https:\/\/linkdata.com.br\/?page_id=74","url":"https:\/\/linkdata.com.br\/?page_id=74","name":"Contato - Suporte | Link Data - Solu\u00e7\u00f5es em Gest\u00e3o P\u00fablica","isPartOf":{"@id":"https:\/\/linkdata.com.br\/#website"},"datePublished":"2012-11-30T11:41:50+00:00","dateModified":"2020-05-12T14:50:00+00:00","breadcrumb":{"@id":"https:\/\/linkdata.com.br\/?page_id=74#breadcrumb"},"inLanguage":"pt-BR","potentialAction":[{"@type":"ReadAction","target":["https:\/\/linkdata.com.br\/?page_id=74"]}]},{"@type":"BreadcrumbList","@id":"https:\/\/linkdata.com.br\/?page_id=74#breadcrumb","itemListElement":[{"@type":"ListItem","position":1,"name":"In\u00edcio","item":"https:\/\/linkdata.com.br\/"},{"@type":"ListItem","position":2,"name":"Contato &#8211; Suporte"}]},{"@type":"WebSite","@id":"https:\/\/linkdata.com.br\/#website","url":"https:\/\/linkdata.com.br\/","name":"Link Data - Solu\u00e7\u00f5es em Gest\u00e3o P\u00fablica","description":"Solu\u00e7\u00f5es Tecnol\u00f3gicas e Conhecimento em Gest\u00e3o P\u00fablica","publisher":{"@id":"https:\/\/linkdata.com.br\/#organization"},"potentialAction":[{"@type":"SearchAction","target":{"@type":"EntryPoint","urlTemplate":"https:\/\/linkdata.com.br\/?s={search_term_string}"},"query-input":"required name=search_term_string"}],"inLanguage":"pt-BR"},{"@type":"Organization","@id":"https:\/\/linkdata.com.br\/#organization","name":"Link Data S\/A - Solu\u00e7\u00f5es em Gest\u00e3o P\u00fablica","url":"https:\/\/linkdata.com.br\/","logo":{"@type":"ImageObject","inLanguage":"pt-BR","@id":"https:\/\/linkdata.com.br\/#\/schema\/logo\/image\/","url":"https:\/\/linkdata.com.br\/wp-content\/uploads\/img_27anos.png","contentUrl":"https:\/\/linkdata.com.br\/wp-content\/uploads\/img_27anos.png","width":180,"height":64,"caption":"Link Data S\/A - Solu\u00e7\u00f5es em Gest\u00e3o P\u00fablica"},"image":{"@id":"https:\/\/linkdata.com.br\/#\/schema\/logo\/image\/"}}]}},"_links":{"self":[{"href":"https:\/\/linkdata.com.br\/index.php?rest_route=\/wp\/v2\/pages\/74"}],"collection":[{"href":"https:\/\/linkdata.com.br\/index.php?rest_route=\/wp\/v2\/pages"}],"about":[{"href":"https:\/\/linkdata.com.br\/index.php?rest_route=\/wp\/v2\/types\/page"}],"author":[{"embeddable":true,"href":"https:\/\/linkdata.com.br\/index.php?rest_route=\/wp\/v2\/users\/2"}],"replies":[{"embeddable":true,"href":"https:\/\/linkdata.com.br\/index.php?rest_route=%2Fwp%2Fv2%2Fcomments&post=74"}],"version-history":[{"count":11,"href":"https:\/\/linkdata.com.br\/index.php?rest_route=\/wp\/v2\/pages\/74\/revisions"}],"predecessor-version":[{"id":995,"href":"https:\/\/linkdata.com.br\/index.php?rest_route=\/wp\/v2\/pages\/74\/revisions\/995"}],"wp:attachment":[{"href":"https:\/\/linkdata.com.br\/index.php?rest_route=%2Fwp%2Fv2%2Fmedia&parent=74"}],"curies":[{"name":"wp","href":"https:\/\/api.w.org\/{rel}","templated":true}]}}