{"id":9,"date":"2012-11-29T13:56:07","date_gmt":"2012-11-29T13:56:07","guid":{"rendered":"http:\/\/10.1.0.26\/wordpress\/?page_id=9"},"modified":"2020-12-22T08:58:19","modified_gmt":"2020-12-22T11:58:19","slug":"missao-visao-valores-e-politica-da-qualidade","status":"publish","type":"page","link":"https:\/\/linkdata.com.br\/?page_id=9","title":{"rendered":"Miss\u00e3o, Vis\u00e3o, Valores e Pol\u00edtica da Qualidade"},"content":{"rendered":"<div>\n<h5><\/h5>\n<h5>Miss\u00e3o<\/h5>\n<p>\u201cFornecer solu\u00e7\u00f5es de gest\u00e3o para a administra\u00e7\u00e3o p\u00fablica.\u201d<\/p>\n<h5>Vis\u00e3o<\/h5>\n<p>\u201cSer a melhor e mais rent\u00e1vel empresa fornecedora de solu\u00e7\u00f5es de gest\u00e3o para administra\u00e7\u00e3o p\u00fablica\u201d<\/p>\n<h5>Valores<\/h5>\n<p><strong>Satisfa\u00e7\u00e3o do Cliente<\/strong><br \/>\n\u201cTodo esfor\u00e7o empreendido deve ser orientado a atender e superar as expectativas dos nossos clientes\u201d.<\/p>\n<p><strong>Imagem Institucional<\/strong><br \/>\n\u201cPatrim\u00f4nio a ser preservado e fortalecido\u201d.<\/p>\n<p><strong>Recursos Humanos<\/strong><br \/>\n\u201cProporcionar alto n\u00edvel de satisfa\u00e7\u00e3o, atrav\u00e9s da compatibiliza\u00e7\u00e3o de suas necessidades, com os objetivos organizacionais e a conjuntura do pa\u00eds. Reconhecer e valorizar os colaboradores\u201d.<\/p>\n<p><strong>Lucratividade<\/strong><br \/>\n\u201c\u00c9 a efetividade do nosso trabalho e o seu reinvestimento \u00e9 a base do nosso crescimento sustent\u00e1vel\u201d.<\/p>\n<p><strong>Inova\u00e7\u00e3o<\/strong><br \/>\n\u201cBuscar de forma permanente a inova\u00e7\u00e3o tecnol\u00f3gica e cultural, e agir de forma r\u00e1pida e criativa \u00e0s exig\u00eancias e oportunidades do mercado\u201d.<\/p>\n<p><strong>Responsabilidade Socioambiental<\/strong><br \/>\n\u201cSer \u00fatil \u00e0 comunidade. Respeitar o indiv\u00edduo e o meio ambiente. Buscar o equil\u00edbrio\u201d.<\/p>\n<p><strong>Organiza\u00e7\u00e3o<\/strong><br \/>\n\u201cAtuar de maneira planejada, organizada e profissional, estimulando o desenvolvimento tecnol\u00f3gico, a produtividade e a qualidade na busca da competitividade\u201d.<\/p>\n<p><img loading=\"lazy\" decoding=\"async\" src=\"https:\/\/linkdata.com.br\/wp-content\/uploads\/iStock_000005400587XLarge-1024x683.jpg\" alt=\"\" class=\"aligncenter wp-image-1187 size-large\" width=\"750\" height=\"500\" srcset=\"https:\/\/linkdata.com.br\/wp-content\/uploads\/iStock_000005400587XLarge-1024x683.jpg 1024w, https:\/\/linkdata.com.br\/wp-content\/uploads\/iStock_000005400587XLarge-300x200.jpg 300w, https:\/\/linkdata.com.br\/wp-content\/uploads\/iStock_000005400587XLarge-150x100.jpg 150w, https:\/\/linkdata.com.br\/wp-content\/uploads\/iStock_000005400587XLarge-768x512.jpg 768w, https:\/\/linkdata.com.br\/wp-content\/uploads\/iStock_000005400587XLarge-435x290.jpg 435w, https:\/\/linkdata.com.br\/wp-content\/uploads\/iStock_000005400587XLarge-1536x1024.jpg 1536w, https:\/\/linkdata.com.br\/wp-content\/uploads\/iStock_000005400587XLarge-2048x1365.jpg 2048w, https:\/\/linkdata.com.br\/wp-content\/uploads\/iStock_000005400587XLarge-360x240.jpg 360w\" sizes=\"(max-width: 750px) 100vw, 750px\" \/><\/p>\n<p><a href=\"https:\/\/linkdata.com.br\/?page_id=9\">Topo\u00a0\u00a0 <img loading=\"lazy\" decoding=\"async\" class=\"alignnone size-full wp-image-318\" title=\"topo\" src=\"https:\/\/linkdata.com.br\/wp-content\/uploads\/2012\/11\/topo.png\" alt=\"\" width=\"16\" height=\"16\" \/><\/a><\/p>\n<\/div>\n","protected":false},"excerpt":{"rendered":"<p>Miss\u00e3o \u201cFornecer solu\u00e7\u00f5es de gest\u00e3o para a administra\u00e7\u00e3o p\u00fablica.\u201d Vis\u00e3o \u201cSer a melhor e mais rent\u00e1vel empresa fornecedora de solu\u00e7\u00f5es de gest\u00e3o para administra\u00e7\u00e3o p\u00fablica\u201d Valores Satisfa\u00e7\u00e3o do Cliente \u201cTodo esfor\u00e7o empreendido deve ser orientado a atender e superar as expectativas dos nossos clientes\u201d. Imagem Institucional \u201cPatrim\u00f4nio a ser preservado [&hellip;]<\/p>\n","protected":false},"author":2,"featured_media":0,"parent":0,"menu_order":0,"comment_status":"closed","ping_status":"closed","template":"","meta":{"footnotes":""},"yoast_head":"<!-- This site is optimized with the Yoast SEO plugin v23.0 - https:\/\/yoast.com\/wordpress\/plugins\/seo\/ -->\n<title>Miss\u00e3o, Vis\u00e3o, Valores e Pol\u00edtica da Qualidade | Link Data - Solu\u00e7\u00f5es em Gest\u00e3o P\u00fablica<\/title>\n<meta name=\"description\" content=\"Miss\u00e3o: Fornecer solu\u00e7\u00f5es de gest\u00e3o para a administra\u00e7\u00e3o p\u00fablica.\" \/>\n<meta name=\"robots\" content=\"index, follow, max-snippet:-1, max-image-preview:large, max-video-preview:-1\" \/>\n<link rel=\"canonical\" href=\"https:\/\/linkdata.com.br\/?page_id=9\" \/>\n<meta property=\"og:locale\" content=\"pt_BR\" \/>\n<meta property=\"og:type\" content=\"article\" \/>\n<meta property=\"og:title\" content=\"Miss\u00e3o, Vis\u00e3o, Valores e Pol\u00edtica da Qualidade | Link Data - Solu\u00e7\u00f5es em Gest\u00e3o P\u00fablica\" \/>\n<meta property=\"og:description\" content=\"Miss\u00e3o: Fornecer solu\u00e7\u00f5es de gest\u00e3o para a administra\u00e7\u00e3o p\u00fablica.\" \/>\n<meta property=\"og:url\" content=\"https:\/\/linkdata.com.br\/?page_id=9\" \/>\n<meta property=\"og:site_name\" content=\"Link Data - Solu\u00e7\u00f5es em Gest\u00e3o P\u00fablica\" \/>\n<meta property=\"article:modified_time\" content=\"2020-12-22T11:58:19+00:00\" \/>\n<meta property=\"og:image\" content=\"https:\/\/linkdata.com.br\/wp-content\/uploads\/iStock_000005400587XLarge-1024x683.jpg\" \/>\n<meta name=\"twitter:card\" content=\"summary_large_image\" \/>\n<meta name=\"twitter:label1\" content=\"Est. tempo de leitura\" \/>\n\t<meta name=\"twitter:data1\" content=\"1 minuto\" \/>\n<script type=\"application\/ld+json\" class=\"yoast-schema-graph\">{\"@context\":\"https:\/\/schema.org\",\"@graph\":[{\"@type\":\"WebPage\",\"@id\":\"https:\/\/linkdata.com.br\/?page_id=9\",\"url\":\"https:\/\/linkdata.com.br\/?page_id=9\",\"name\":\"Miss\u00e3o, Vis\u00e3o, Valores e Pol\u00edtica da Qualidade | Link Data - Solu\u00e7\u00f5es em Gest\u00e3o P\u00fablica\",\"isPartOf\":{\"@id\":\"https:\/\/linkdata.com.br\/#website\"},\"primaryImageOfPage\":{\"@id\":\"https:\/\/linkdata.com.br\/?page_id=9#primaryimage\"},\"image\":{\"@id\":\"https:\/\/linkdata.com.br\/?page_id=9#primaryimage\"},\"thumbnailUrl\":\"https:\/\/linkdata.com.br\/wp-content\/uploads\/iStock_000005400587XLarge-1024x683.jpg\",\"datePublished\":\"2012-11-29T13:56:07+00:00\",\"dateModified\":\"2020-12-22T11:58:19+00:00\",\"description\":\"Miss\u00e3o: Fornecer solu\u00e7\u00f5es de gest\u00e3o para a administra\u00e7\u00e3o p\u00fablica.\",\"breadcrumb\":{\"@id\":\"https:\/\/linkdata.com.br\/?page_id=9#breadcrumb\"},\"inLanguage\":\"pt-BR\",\"potentialAction\":[{\"@type\":\"ReadAction\",\"target\":[\"https:\/\/linkdata.com.br\/?page_id=9\"]}]},{\"@type\":\"ImageObject\",\"inLanguage\":\"pt-BR\",\"@id\":\"https:\/\/linkdata.com.br\/?page_id=9#primaryimage\",\"url\":\"https:\/\/linkdata.com.br\/wp-content\/uploads\/iStock_000005400587XLarge-scaled.jpg\",\"contentUrl\":\"https:\/\/linkdata.com.br\/wp-content\/uploads\/iStock_000005400587XLarge-scaled.jpg\",\"width\":2560,\"height\":1707},{\"@type\":\"BreadcrumbList\",\"@id\":\"https:\/\/linkdata.com.br\/?page_id=9#breadcrumb\",\"itemListElement\":[{\"@type\":\"ListItem\",\"position\":1,\"name\":\"In\u00edcio\",\"item\":\"https:\/\/linkdata.com.br\/\"},{\"@type\":\"ListItem\",\"position\":2,\"name\":\"Miss\u00e3o, Vis\u00e3o, Valores e Pol\u00edtica da Qualidade\"}]},{\"@type\":\"WebSite\",\"@id\":\"https:\/\/linkdata.com.br\/#website\",\"url\":\"https:\/\/linkdata.com.br\/\",\"name\":\"Link Data - Solu\u00e7\u00f5es em Gest\u00e3o P\u00fablica\",\"description\":\"Solu\u00e7\u00f5es Tecnol\u00f3gicas e Conhecimento em Gest\u00e3o P\u00fablica\",\"publisher\":{\"@id\":\"https:\/\/linkdata.com.br\/#organization\"},\"potentialAction\":[{\"@type\":\"SearchAction\",\"target\":{\"@type\":\"EntryPoint\",\"urlTemplate\":\"https:\/\/linkdata.com.br\/?s={search_term_string}\"},\"query-input\":\"required name=search_term_string\"}],\"inLanguage\":\"pt-BR\"},{\"@type\":\"Organization\",\"@id\":\"https:\/\/linkdata.com.br\/#organization\",\"name\":\"Link Data S\/A - Solu\u00e7\u00f5es em Gest\u00e3o P\u00fablica\",\"url\":\"https:\/\/linkdata.com.br\/\",\"logo\":{\"@type\":\"ImageObject\",\"inLanguage\":\"pt-BR\",\"@id\":\"https:\/\/linkdata.com.br\/#\/schema\/logo\/image\/\",\"url\":\"https:\/\/linkdata.com.br\/wp-content\/uploads\/img_27anos.png\",\"contentUrl\":\"https:\/\/linkdata.com.br\/wp-content\/uploads\/img_27anos.png\",\"width\":180,\"height\":64,\"caption\":\"Link Data S\/A - Solu\u00e7\u00f5es em Gest\u00e3o P\u00fablica\"},\"image\":{\"@id\":\"https:\/\/linkdata.com.br\/#\/schema\/logo\/image\/\"}}]}<\/script>\n<!-- \/ Yoast SEO plugin. -->","yoast_head_json":{"title":"Miss\u00e3o, Vis\u00e3o, Valores e Pol\u00edtica da Qualidade | Link Data - Solu\u00e7\u00f5es em Gest\u00e3o P\u00fablica","description":"Miss\u00e3o: Fornecer solu\u00e7\u00f5es de gest\u00e3o para a administra\u00e7\u00e3o p\u00fablica.","robots":{"index":"index","follow":"follow","max-snippet":"max-snippet:-1","max-image-preview":"max-image-preview:large","max-video-preview":"max-video-preview:-1"},"canonical":"https:\/\/linkdata.com.br\/?page_id=9","og_locale":"pt_BR","og_type":"article","og_title":"Miss\u00e3o, Vis\u00e3o, Valores e Pol\u00edtica da Qualidade | Link Data - Solu\u00e7\u00f5es em Gest\u00e3o P\u00fablica","og_description":"Miss\u00e3o: Fornecer solu\u00e7\u00f5es de gest\u00e3o para a administra\u00e7\u00e3o p\u00fablica.","og_url":"https:\/\/linkdata.com.br\/?page_id=9","og_site_name":"Link Data - Solu\u00e7\u00f5es em Gest\u00e3o P\u00fablica","article_modified_time":"2020-12-22T11:58:19+00:00","og_image":[{"url":"https:\/\/linkdata.com.br\/wp-content\/uploads\/iStock_000005400587XLarge-1024x683.jpg"}],"twitter_card":"summary_large_image","twitter_misc":{"Est. tempo de leitura":"1 minuto"},"schema":{"@context":"https:\/\/schema.org","@graph":[{"@type":"WebPage","@id":"https:\/\/linkdata.com.br\/?page_id=9","url":"https:\/\/linkdata.com.br\/?page_id=9","name":"Miss\u00e3o, Vis\u00e3o, Valores e Pol\u00edtica da Qualidade | Link Data - Solu\u00e7\u00f5es em Gest\u00e3o P\u00fablica","isPartOf":{"@id":"https:\/\/linkdata.com.br\/#website"},"primaryImageOfPage":{"@id":"https:\/\/linkdata.com.br\/?page_id=9#primaryimage"},"image":{"@id":"https:\/\/linkdata.com.br\/?page_id=9#primaryimage"},"thumbnailUrl":"https:\/\/linkdata.com.br\/wp-content\/uploads\/iStock_000005400587XLarge-1024x683.jpg","datePublished":"2012-11-29T13:56:07+00:00","dateModified":"2020-12-22T11:58:19+00:00","description":"Miss\u00e3o: Fornecer solu\u00e7\u00f5es de gest\u00e3o para a administra\u00e7\u00e3o p\u00fablica.","breadcrumb":{"@id":"https:\/\/linkdata.com.br\/?page_id=9#breadcrumb"},"inLanguage":"pt-BR","potentialAction":[{"@type":"ReadAction","target":["https:\/\/linkdata.com.br\/?page_id=9"]}]},{"@type":"ImageObject","inLanguage":"pt-BR","@id":"https:\/\/linkdata.com.br\/?page_id=9#primaryimage","url":"https:\/\/linkdata.com.br\/wp-content\/uploads\/iStock_000005400587XLarge-scaled.jpg","contentUrl":"https:\/\/linkdata.com.br\/wp-content\/uploads\/iStock_000005400587XLarge-scaled.jpg","width":2560,"height":1707},{"@type":"BreadcrumbList","@id":"https:\/\/linkdata.com.br\/?page_id=9#breadcrumb","itemListElement":[{"@type":"ListItem","position":1,"name":"In\u00edcio","item":"https:\/\/linkdata.com.br\/"},{"@type":"ListItem","position":2,"name":"Miss\u00e3o, Vis\u00e3o, Valores e Pol\u00edtica da Qualidade"}]},{"@type":"WebSite","@id":"https:\/\/linkdata.com.br\/#website","url":"https:\/\/linkdata.com.br\/","name":"Link Data - Solu\u00e7\u00f5es em Gest\u00e3o P\u00fablica","description":"Solu\u00e7\u00f5es Tecnol\u00f3gicas e Conhecimento em Gest\u00e3o P\u00fablica","publisher":{"@id":"https:\/\/linkdata.com.br\/#organization"},"potentialAction":[{"@type":"SearchAction","target":{"@type":"EntryPoint","urlTemplate":"https:\/\/linkdata.com.br\/?s={search_term_string}"},"query-input":"required name=search_term_string"}],"inLanguage":"pt-BR"},{"@type":"Organization","@id":"https:\/\/linkdata.com.br\/#organization","name":"Link Data S\/A - Solu\u00e7\u00f5es em Gest\u00e3o P\u00fablica","url":"https:\/\/linkdata.com.br\/","logo":{"@type":"ImageObject","inLanguage":"pt-BR","@id":"https:\/\/linkdata.com.br\/#\/schema\/logo\/image\/","url":"https:\/\/linkdata.com.br\/wp-content\/uploads\/img_27anos.png","contentUrl":"https:\/\/linkdata.com.br\/wp-content\/uploads\/img_27anos.png","width":180,"height":64,"caption":"Link Data S\/A - Solu\u00e7\u00f5es em Gest\u00e3o P\u00fablica"},"image":{"@id":"https:\/\/linkdata.com.br\/#\/schema\/logo\/image\/"}}]}},"_links":{"self":[{"href":"https:\/\/linkdata.com.br\/index.php?rest_route=\/wp\/v2\/pages\/9"}],"collection":[{"href":"https:\/\/linkdata.com.br\/index.php?rest_route=\/wp\/v2\/pages"}],"about":[{"href":"https:\/\/linkdata.com.br\/index.php?rest_route=\/wp\/v2\/types\/page"}],"author":[{"embeddable":true,"href":"https:\/\/linkdata.com.br\/index.php?rest_route=\/wp\/v2\/users\/2"}],"replies":[{"embeddable":true,"href":"https:\/\/linkdata.com.br\/index.php?rest_route=%2Fwp%2Fv2%2Fcomments&post=9"}],"version-history":[{"count":17,"href":"https:\/\/linkdata.com.br\/index.php?rest_route=\/wp\/v2\/pages\/9\/revisions"}],"predecessor-version":[{"id":1192,"href":"https:\/\/linkdata.com.br\/index.php?rest_route=\/wp\/v2\/pages\/9\/revisions\/1192"}],"wp:attachment":[{"href":"https:\/\/linkdata.com.br\/index.php?rest_route=%2Fwp%2Fv2%2Fmedia&parent=9"}],"curies":[{"name":"wp","href":"https:\/\/api.w.org\/{rel}","templated":true}]}}