{"id":951,"date":"2017-03-31T15:54:54","date_gmt":"2017-03-31T18:54:54","guid":{"rendered":"https:\/\/linkdata.com.br\/?page_id=951"},"modified":"2021-01-08T16:01:19","modified_gmt":"2021-01-08T19:01:19","slug":"gestao-eletronica-de-ativos","status":"publish","type":"page","link":"https:\/\/linkdata.com.br\/?page_id=951","title":{"rendered":"Gest\u00e3o Eletr\u00f4nica de Ativos"},"content":{"rendered":"<h1>ASI \u2013 Solu\u00e7\u00e3o para a Gest\u00e3o Eletr\u00f4nica de Ativos<\/h1>\n<p>O <strong>ASI GEST\u00c3O ELETR\u00d4NICA DE ATIVOS<\/strong> possui integra\u00e7\u00e3o nativa com os demais m\u00f3dulos da solu\u00e7\u00e3o ASI. E al\u00e9m disso pode ser integrado tamb\u00e9m com seu sistema atual, resguardadas especifica\u00e7\u00f5es da sua solu\u00e7\u00e3o.<\/p>\n<p>Permite a sincroniza\u00e7\u00e3o de resultados de invent\u00e1rio e gera\u00e7\u00e3o de relat\u00f3rios ainda no ambiente inventariado (relat\u00f3rios de exce\u00e7\u00e3o, relat\u00f3rios de bens encontrados, relat\u00f3rios de bens n\u00e3o encontrados e emiss\u00e3o de termo de responsabilidade).<\/p>\n<p style=\"text-align: left;\">Ap\u00f3s a implanta\u00e7\u00e3o desta solu\u00e7\u00e3o voc\u00ea ter\u00e1 seus ativos catalogados e tombados com dispositivos eletr\u00f4nicos, al\u00e9m de associa\u00e7\u00f5es do hist\u00f3rico de seus bens com os novos tombos eletr\u00f4nicos, garantia de pareamento f\u00edsico e cont\u00e1bil dos bens com a posi\u00e7\u00e3o existente e dispositivo homologado pela Anatel.<img loading=\"lazy\" decoding=\"async\" src=\"https:\/\/linkdata.com.br\/wp-content\/uploads\/RFID.jpg\" alt=\"\" class=\"aligncenter wp-image-1194 size-full\" width=\"750\" height=\"750\" srcset=\"https:\/\/linkdata.com.br\/wp-content\/uploads\/RFID.jpg 750w, https:\/\/linkdata.com.br\/wp-content\/uploads\/RFID-300x300.jpg 300w, https:\/\/linkdata.com.br\/wp-content\/uploads\/RFID-150x150.jpg 150w, https:\/\/linkdata.com.br\/wp-content\/uploads\/RFID-290x290.jpg 290w\" sizes=\"(max-width: 750px) 100vw, 750px\" \/><\/p>\n","protected":false},"excerpt":{"rendered":"<p>ASI \u2013 Solu\u00e7\u00e3o para a Gest\u00e3o Eletr\u00f4nica de Ativos O ASI GEST\u00c3O ELETR\u00d4NICA DE ATIVOS possui integra\u00e7\u00e3o nativa com os demais m\u00f3dulos da solu\u00e7\u00e3o ASI. E al\u00e9m disso pode ser integrado tamb\u00e9m com seu sistema atual, resguardadas especifica\u00e7\u00f5es da sua solu\u00e7\u00e3o. Permite a sincroniza\u00e7\u00e3o de resultados de invent\u00e1rio e gera\u00e7\u00e3o [&hellip;]<\/p>\n","protected":false},"author":2,"featured_media":0,"parent":18,"menu_order":0,"comment_status":"closed","ping_status":"closed","template":"","meta":{"footnotes":""},"yoast_head":"<!-- This site is optimized with the Yoast SEO plugin v23.0 - https:\/\/yoast.com\/wordpress\/plugins\/seo\/ -->\n<title>Gest\u00e3o Eletr\u00f4nica de Ativos | Link Data - Solu\u00e7\u00f5es em Gest\u00e3o P\u00fablica<\/title>\n<meta name=\"robots\" content=\"index, follow, max-snippet:-1, max-image-preview:large, max-video-preview:-1\" \/>\n<link rel=\"canonical\" href=\"https:\/\/linkdata.com.br\/?page_id=951\" \/>\n<meta property=\"og:locale\" content=\"pt_BR\" \/>\n<meta property=\"og:type\" content=\"article\" \/>\n<meta property=\"og:title\" content=\"Gest\u00e3o Eletr\u00f4nica de Ativos | Link Data - Solu\u00e7\u00f5es em Gest\u00e3o P\u00fablica\" \/>\n<meta property=\"og:description\" content=\"ASI \u2013 Solu\u00e7\u00e3o para a Gest\u00e3o Eletr\u00f4nica de Ativos O ASI GEST\u00c3O ELETR\u00d4NICA DE ATIVOS possui integra\u00e7\u00e3o nativa com os demais m\u00f3dulos da solu\u00e7\u00e3o ASI. E al\u00e9m disso pode ser integrado tamb\u00e9m com seu sistema atual, resguardadas especifica\u00e7\u00f5es da sua solu\u00e7\u00e3o. Permite a sincroniza\u00e7\u00e3o de resultados de invent\u00e1rio e gera\u00e7\u00e3o [&hellip;]\" \/>\n<meta property=\"og:url\" content=\"https:\/\/linkdata.com.br\/?page_id=951\" \/>\n<meta property=\"og:site_name\" content=\"Link Data - Solu\u00e7\u00f5es em Gest\u00e3o P\u00fablica\" \/>\n<meta property=\"article:modified_time\" content=\"2021-01-08T19:01:19+00:00\" \/>\n<meta property=\"og:image\" content=\"https:\/\/linkdata.com.br\/wp-content\/uploads\/RFID.jpg\" \/>\n<meta name=\"twitter:card\" content=\"summary_large_image\" \/>\n<meta name=\"twitter:label1\" content=\"Est. tempo de leitura\" \/>\n\t<meta name=\"twitter:data1\" content=\"1 minuto\" \/>\n<script type=\"application\/ld+json\" class=\"yoast-schema-graph\">{\"@context\":\"https:\/\/schema.org\",\"@graph\":[{\"@type\":\"WebPage\",\"@id\":\"https:\/\/linkdata.com.br\/?page_id=951\",\"url\":\"https:\/\/linkdata.com.br\/?page_id=951\",\"name\":\"Gest\u00e3o Eletr\u00f4nica de Ativos | Link Data - Solu\u00e7\u00f5es em Gest\u00e3o P\u00fablica\",\"isPartOf\":{\"@id\":\"https:\/\/linkdata.com.br\/#website\"},\"primaryImageOfPage\":{\"@id\":\"https:\/\/linkdata.com.br\/?page_id=951#primaryimage\"},\"image\":{\"@id\":\"https:\/\/linkdata.com.br\/?page_id=951#primaryimage\"},\"thumbnailUrl\":\"https:\/\/linkdata.com.br\/wp-content\/uploads\/RFID.jpg\",\"datePublished\":\"2017-03-31T18:54:54+00:00\",\"dateModified\":\"2021-01-08T19:01:19+00:00\",\"breadcrumb\":{\"@id\":\"https:\/\/linkdata.com.br\/?page_id=951#breadcrumb\"},\"inLanguage\":\"pt-BR\",\"potentialAction\":[{\"@type\":\"ReadAction\",\"target\":[\"https:\/\/linkdata.com.br\/?page_id=951\"]}]},{\"@type\":\"ImageObject\",\"inLanguage\":\"pt-BR\",\"@id\":\"https:\/\/linkdata.com.br\/?page_id=951#primaryimage\",\"url\":\"https:\/\/linkdata.com.br\/wp-content\/uploads\/RFID.jpg\",\"contentUrl\":\"https:\/\/linkdata.com.br\/wp-content\/uploads\/RFID.jpg\",\"width\":750,\"height\":750},{\"@type\":\"BreadcrumbList\",\"@id\":\"https:\/\/linkdata.com.br\/?page_id=951#breadcrumb\",\"itemListElement\":[{\"@type\":\"ListItem\",\"position\":1,\"name\":\"In\u00edcio\",\"item\":\"https:\/\/linkdata.com.br\/\"},{\"@type\":\"ListItem\",\"position\":2,\"name\":\"Solu\u00e7\u00e3o ASI\",\"item\":\"https:\/\/linkdata.com.br\/?page_id=18\"},{\"@type\":\"ListItem\",\"position\":3,\"name\":\"Gest\u00e3o Eletr\u00f4nica de Ativos\"}]},{\"@type\":\"WebSite\",\"@id\":\"https:\/\/linkdata.com.br\/#website\",\"url\":\"https:\/\/linkdata.com.br\/\",\"name\":\"Link Data - Solu\u00e7\u00f5es em Gest\u00e3o P\u00fablica\",\"description\":\"Solu\u00e7\u00f5es Tecnol\u00f3gicas e Conhecimento em Gest\u00e3o P\u00fablica\",\"publisher\":{\"@id\":\"https:\/\/linkdata.com.br\/#organization\"},\"potentialAction\":[{\"@type\":\"SearchAction\",\"target\":{\"@type\":\"EntryPoint\",\"urlTemplate\":\"https:\/\/linkdata.com.br\/?s={search_term_string}\"},\"query-input\":\"required name=search_term_string\"}],\"inLanguage\":\"pt-BR\"},{\"@type\":\"Organization\",\"@id\":\"https:\/\/linkdata.com.br\/#organization\",\"name\":\"Link Data S\/A - Solu\u00e7\u00f5es em Gest\u00e3o P\u00fablica\",\"url\":\"https:\/\/linkdata.com.br\/\",\"logo\":{\"@type\":\"ImageObject\",\"inLanguage\":\"pt-BR\",\"@id\":\"https:\/\/linkdata.com.br\/#\/schema\/logo\/image\/\",\"url\":\"https:\/\/linkdata.com.br\/wp-content\/uploads\/img_27anos.png\",\"contentUrl\":\"https:\/\/linkdata.com.br\/wp-content\/uploads\/img_27anos.png\",\"width\":180,\"height\":64,\"caption\":\"Link Data S\/A - Solu\u00e7\u00f5es em Gest\u00e3o P\u00fablica\"},\"image\":{\"@id\":\"https:\/\/linkdata.com.br\/#\/schema\/logo\/image\/\"}}]}<\/script>\n<!-- \/ Yoast SEO plugin. -->","yoast_head_json":{"title":"Gest\u00e3o Eletr\u00f4nica de Ativos | Link Data - Solu\u00e7\u00f5es em Gest\u00e3o P\u00fablica","robots":{"index":"index","follow":"follow","max-snippet":"max-snippet:-1","max-image-preview":"max-image-preview:large","max-video-preview":"max-video-preview:-1"},"canonical":"https:\/\/linkdata.com.br\/?page_id=951","og_locale":"pt_BR","og_type":"article","og_title":"Gest\u00e3o Eletr\u00f4nica de Ativos | Link Data - Solu\u00e7\u00f5es em Gest\u00e3o P\u00fablica","og_description":"ASI \u2013 Solu\u00e7\u00e3o para a Gest\u00e3o Eletr\u00f4nica de Ativos O ASI GEST\u00c3O ELETR\u00d4NICA DE ATIVOS possui integra\u00e7\u00e3o nativa com os demais m\u00f3dulos da solu\u00e7\u00e3o ASI. E al\u00e9m disso pode ser integrado tamb\u00e9m com seu sistema atual, resguardadas especifica\u00e7\u00f5es da sua solu\u00e7\u00e3o. Permite a sincroniza\u00e7\u00e3o de resultados de invent\u00e1rio e gera\u00e7\u00e3o [&hellip;]","og_url":"https:\/\/linkdata.com.br\/?page_id=951","og_site_name":"Link Data - Solu\u00e7\u00f5es em Gest\u00e3o P\u00fablica","article_modified_time":"2021-01-08T19:01:19+00:00","og_image":[{"url":"https:\/\/linkdata.com.br\/wp-content\/uploads\/RFID.jpg"}],"twitter_card":"summary_large_image","twitter_misc":{"Est. tempo de leitura":"1 minuto"},"schema":{"@context":"https:\/\/schema.org","@graph":[{"@type":"WebPage","@id":"https:\/\/linkdata.com.br\/?page_id=951","url":"https:\/\/linkdata.com.br\/?page_id=951","name":"Gest\u00e3o Eletr\u00f4nica de Ativos | Link Data - Solu\u00e7\u00f5es em Gest\u00e3o P\u00fablica","isPartOf":{"@id":"https:\/\/linkdata.com.br\/#website"},"primaryImageOfPage":{"@id":"https:\/\/linkdata.com.br\/?page_id=951#primaryimage"},"image":{"@id":"https:\/\/linkdata.com.br\/?page_id=951#primaryimage"},"thumbnailUrl":"https:\/\/linkdata.com.br\/wp-content\/uploads\/RFID.jpg","datePublished":"2017-03-31T18:54:54+00:00","dateModified":"2021-01-08T19:01:19+00:00","breadcrumb":{"@id":"https:\/\/linkdata.com.br\/?page_id=951#breadcrumb"},"inLanguage":"pt-BR","potentialAction":[{"@type":"ReadAction","target":["https:\/\/linkdata.com.br\/?page_id=951"]}]},{"@type":"ImageObject","inLanguage":"pt-BR","@id":"https:\/\/linkdata.com.br\/?page_id=951#primaryimage","url":"https:\/\/linkdata.com.br\/wp-content\/uploads\/RFID.jpg","contentUrl":"https:\/\/linkdata.com.br\/wp-content\/uploads\/RFID.jpg","width":750,"height":750},{"@type":"BreadcrumbList","@id":"https:\/\/linkdata.com.br\/?page_id=951#breadcrumb","itemListElement":[{"@type":"ListItem","position":1,"name":"In\u00edcio","item":"https:\/\/linkdata.com.br\/"},{"@type":"ListItem","position":2,"name":"Solu\u00e7\u00e3o ASI","item":"https:\/\/linkdata.com.br\/?page_id=18"},{"@type":"ListItem","position":3,"name":"Gest\u00e3o Eletr\u00f4nica de Ativos"}]},{"@type":"WebSite","@id":"https:\/\/linkdata.com.br\/#website","url":"https:\/\/linkdata.com.br\/","name":"Link Data - Solu\u00e7\u00f5es em Gest\u00e3o P\u00fablica","description":"Solu\u00e7\u00f5es Tecnol\u00f3gicas e Conhecimento em Gest\u00e3o P\u00fablica","publisher":{"@id":"https:\/\/linkdata.com.br\/#organization"},"potentialAction":[{"@type":"SearchAction","target":{"@type":"EntryPoint","urlTemplate":"https:\/\/linkdata.com.br\/?s={search_term_string}"},"query-input":"required name=search_term_string"}],"inLanguage":"pt-BR"},{"@type":"Organization","@id":"https:\/\/linkdata.com.br\/#organization","name":"Link Data S\/A - Solu\u00e7\u00f5es em Gest\u00e3o P\u00fablica","url":"https:\/\/linkdata.com.br\/","logo":{"@type":"ImageObject","inLanguage":"pt-BR","@id":"https:\/\/linkdata.com.br\/#\/schema\/logo\/image\/","url":"https:\/\/linkdata.com.br\/wp-content\/uploads\/img_27anos.png","contentUrl":"https:\/\/linkdata.com.br\/wp-content\/uploads\/img_27anos.png","width":180,"height":64,"caption":"Link Data S\/A - Solu\u00e7\u00f5es em Gest\u00e3o P\u00fablica"},"image":{"@id":"https:\/\/linkdata.com.br\/#\/schema\/logo\/image\/"}}]}},"_links":{"self":[{"href":"https:\/\/linkdata.com.br\/index.php?rest_route=\/wp\/v2\/pages\/951"}],"collection":[{"href":"https:\/\/linkdata.com.br\/index.php?rest_route=\/wp\/v2\/pages"}],"about":[{"href":"https:\/\/linkdata.com.br\/index.php?rest_route=\/wp\/v2\/types\/page"}],"author":[{"embeddable":true,"href":"https:\/\/linkdata.com.br\/index.php?rest_route=\/wp\/v2\/users\/2"}],"replies":[{"embeddable":true,"href":"https:\/\/linkdata.com.br\/index.php?rest_route=%2Fwp%2Fv2%2Fcomments&post=951"}],"version-history":[{"count":5,"href":"https:\/\/linkdata.com.br\/index.php?rest_route=\/wp\/v2\/pages\/951\/revisions"}],"predecessor-version":[{"id":1196,"href":"https:\/\/linkdata.com.br\/index.php?rest_route=\/wp\/v2\/pages\/951\/revisions\/1196"}],"up":[{"embeddable":true,"href":"https:\/\/linkdata.com.br\/index.php?rest_route=\/wp\/v2\/pages\/18"}],"wp:attachment":[{"href":"https:\/\/linkdata.com.br\/index.php?rest_route=%2Fwp%2Fv2%2Fmedia&parent=951"}],"curies":[{"name":"wp","href":"https:\/\/api.w.org\/{rel}","templated":true}]}}